{"id":1097,"date":"2021-11-17T21:38:15","date_gmt":"2021-11-17T21:38:15","guid":{"rendered":"https:\/\/mygarden.mx\/?post_type=product&#038;p=1097"},"modified":"2022-11-16T17:30:12","modified_gmt":"2022-11-16T17:30:12","slug":"cabezota-con-nochebuena","status":"publish","type":"product","link":"https:\/\/mygarden.mx\/index.php\/product\/cabezota-con-nochebuena\/","title":{"rendered":"Cabezota con Nochebuena"},"content":{"rendered":"","protected":false},"excerpt":{"rendered":"<p>Las Nochebuenas llegaron a\u00a0<a class=\" xil3i\" tabindex=\"0\" href=\"https:\/\/www.instagram.com\/explore\/tags\/mygardenmx\/\">#mygardenmx<\/a>\u00a0\ud83d\udc9a acompa\u00f1adas de nuestras distintivas cabezotas \ud83e\udd29<\/p>\n<p>Ya sea para decorar tu centro de mesa, tu arbolito de navidad o como regalo especial, es el regalo idea para esta temporada.<\/p>\n<p>\u00a1Pide la tuya antes de que se acaben! Y recuerda que la navidad ya est\u00e1 a la vuelta de la esquina.<\/p>\n","protected":false},"featured_media":1099,"comment_status":"open","ping_status":"closed","template":"","meta":{"om_disable_all_campaigns":false,"_monsterinsights_skip_tracking":false,"_monsterinsights_sitenote_active":false,"_monsterinsights_sitenote_note":"","_monsterinsights_sitenote_category":0,"spay_email":""},"product_cat":[20],"product_tag":[31,36],"class_list":["post-1097","product","type-product","status-publish","has-post-thumbnail","hentry","product_cat-mediana-planthijamaceta","product_tag-cabezota","product_tag-nochebuena"],"jetpack-related-posts":[{"id":2968,"url":"https:\/\/mygarden.mx\/index.php\/product\/promocion-cabezotas-2\/","url_meta":{"origin":1097,"position":0},"title":"Promoci\u00f3n cabezotas","date":"15 de marzo de 2022","format":false,"excerpt":"\u00a1Plantlovers! Estamos s\u00faper felices porque por primera vez traemos esta incre\u00edble #promoci\u00f3n\u00a0para ustedes \ud83d\udc9a y es que sabemos que la cabezota es la maceta favorita de la comunidad de\u00a0#mygardenmx 1 x 499 MXN o 2x800 MXN (incluye planthijas)","rel":"","context":"Entrada similar","img":{"alt_text":"Maceras en forma de cabeza","src":"https:\/\/i0.wp.com\/mygarden.mx\/wp-content\/uploads\/2022\/03\/2X900-cabezotas.png?fit=1080%2C1080&ssl=1&resize=350%2C200","width":350,"height":200},"classes":[]},{"id":41,"url":"https:\/\/mygarden.mx\/index.php\/product\/cabezota\/","url_meta":{"origin":1097,"position":1},"title":"Cabezota","date":"12 de abril de 2021","format":false,"excerpt":"Cabezota \u00a1Selecciona el color de tu preferencia! Medidas: 39 cm altura x 19 cm ancho Material: Barro","rel":"","context":"Entrada similar","img":{"alt_text":"Maceta cabeza","src":"https:\/\/i0.wp.com\/mygarden.mx\/wp-content\/uploads\/2023\/06\/2.png?fit=1200%2C1200&ssl=1&resize=350%2C200","width":350,"height":200},"classes":[]},{"id":1019,"url":"https:\/\/mygarden.mx\/index.php\/product\/cabezota-con-esqueleto\/","url_meta":{"origin":1097,"position":2},"title":"Cabezota con esqueleto","date":"6 de octubre de 2021","format":false,"excerpt":"Esqueleto o Monstera Adansonii\ud83d\udc80 \u00a0","rel":"","context":"Entrada similar","img":{"alt_text":"Cabezota con Monstera","src":"https:\/\/i0.wp.com\/mygarden.mx\/wp-content\/uploads\/2021\/10\/2.jpg?fit=888%2C1024&ssl=1&resize=350%2C200","width":350,"height":200},"classes":[]},{"id":467,"url":"https:\/\/mygarden.mx\/index.php\/product\/cabezota-con-2-corazones-en-un-hilo\/","url_meta":{"origin":1097,"position":3},"title":"Cabezota con 2 Corazones en un Hilo","date":"13 de abril de 2021","format":false,"excerpt":"Tama\u00f1o: Mediana Cabezota con 2 corazones en un hilo (Ceropegia woodii) \ud83d\udc95 \ud83d\udc49 Tipo de suculenta colgante que puede alcanzar un largo impresionante. Sus hojitas tienen la forma de corazones que cuelgan de un hilo. Cuidados: \ud83d\udebf Regar solo cuando el sustrato est\u00e9 seco. \u2600\ufe0f Colocar en resolana, evitando el\u2026","rel":"","context":"Entrada similar","img":{"alt_text":"","src":"https:\/\/i0.wp.com\/mygarden.mx\/wp-content\/uploads\/2021\/04\/Cabezotas-con-2-corazones.jpg?fit=960%2C1200&ssl=1&resize=350%2C200","width":350,"height":200},"classes":[]},{"id":792,"url":"https:\/\/mygarden.mx\/index.php\/product\/cabezota-con-calathea-triostar\/","url_meta":{"origin":1097,"position":4},"title":"Cabezota con Calathea Triostar","date":"22 de abril de 2021","format":false,"excerpt":"Calathea triostar \ud83e\udd9a Stroamanthe triostar tambie\u0301n conocida como \"Calathea triostar\" o \"pavo real\" debido a sus coloridas hojas. Cuidados: \ud83d\udebf Mantener la tierra siempre hu\u0301meda, OJO sin encharcarla, 1 vez por semana esta\u0301 perfecto. \u26c5 Un lugar en el cual no reciba luz directa es su espacio ideal. Tips: \ud83d\udca6Si\u2026","rel":"","context":"Entrada similar","img":{"alt_text":"","src":"https:\/\/i0.wp.com\/mygarden.mx\/wp-content\/uploads\/2021\/04\/IMG_1592.png?fit=1080%2C1080&ssl=1&resize=350%2C200","width":350,"height":200},"classes":[]},{"id":461,"url":"https:\/\/mygarden.mx\/index.php\/product\/cabezota-con-peluca\/","url_meta":{"origin":1097,"position":5},"title":"Cabezota con \u00c1lamo","date":"13 de abril de 2021","format":false,"excerpt":"Tama\u00f1o: Mediana Mi amigx con peluca. \u00c1lamo\ud83c\udf31 \ud83d\udc49Planta de la familia de las suculentas, cabali\u0301stica por su amplio follaje que puede llegar a asemejar una peluca, de ahi\u0301 que muchos la conozcan como moneda. \ud83e\udd17 Cuidados: \ud83d\udebf Mantener la tierra siempre hu\u0301meda, OJO sin encharcarla. 2-3 veces por semana esta\u0301\u2026","rel":"","context":"Entrada similar","img":{"alt_text":"Cabezota con \u00e1lamo","src":"https:\/\/i0.wp.com\/mygarden.mx\/wp-content\/uploads\/2021\/09\/Alamo.jpg?fit=677%2C822&ssl=1&resize=350%2C200","width":350,"height":200},"classes":[]}],"_links":{"self":[{"href":"https:\/\/mygarden.mx\/index.php\/wp-json\/wp\/v2\/product\/1097"}],"collection":[{"href":"https:\/\/mygarden.mx\/index.php\/wp-json\/wp\/v2\/product"}],"about":[{"href":"https:\/\/mygarden.mx\/index.php\/wp-json\/wp\/v2\/types\/product"}],"replies":[{"embeddable":true,"href":"https:\/\/mygarden.mx\/index.php\/wp-json\/wp\/v2\/comments?post=1097"}],"wp:featuredmedia":[{"embeddable":true,"href":"https:\/\/mygarden.mx\/index.php\/wp-json\/wp\/v2\/media\/1099"}],"wp:attachment":[{"href":"https:\/\/mygarden.mx\/index.php\/wp-json\/wp\/v2\/media?parent=1097"}],"wp:term":[{"taxonomy":"product_cat","embeddable":true,"href":"https:\/\/mygarden.mx\/index.php\/wp-json\/wp\/v2\/product_cat?post=1097"},{"taxonomy":"product_tag","embeddable":true,"href":"https:\/\/mygarden.mx\/index.php\/wp-json\/wp\/v2\/product_tag?post=1097"}],"curies":[{"name":"wp","href":"https:\/\/api.w.org\/{rel}","templated":true}]}}