{"id":115,"date":"2021-04-12T20:42:53","date_gmt":"2021-04-12T20:42:53","guid":{"rendered":"https:\/\/mygarden.mx\/?post_type=product&#038;p=115"},"modified":"2021-04-13T15:53:10","modified_gmt":"2021-04-13T15:53:10","slug":"cuna-de-moises","status":"publish","type":"product","link":"https:\/\/mygarden.mx\/index.php\/product\/cuna-de-moises\/","title":{"rendered":"Cuna De Mois\u00e9s"},"content":{"rendered":"","protected":false},"excerpt":{"rendered":"<p>Tama\u00f1o: Mediana<\/p>\n<p>\ud83d\udc49 Esta belli\u0301sima planthija es una de las ma\u0301s expertas en purificar el aire de tu entorno, su\u0301per fa\u0301cil de cuidar y con extraordinarias hojas verdes y flores blancas.<\/p>\n<p>Cuidados<\/p>\n<p>\ud83d\udebf Mantener la tierra siempre hu\u0301meda. OJO: sin encharcarla. Permitir que el sustrato se seque antes de volver a regar. 2-3 veces por semana esta perfecto.<\/p>\n<p>\u26c5\ufe0f Un lugar en el cual no reciba luz directa es su espacio ideal.<\/p>\n<p>Tips:<\/p>\n<p>\ud83d\ude37 Las hojas deben permanecer limpias para que los estomas no se tapen. Utiliza un trapo hu\u0301medo para asearlas.<\/p>\n<p>Maceta: barro<\/p>\n<p>&nbsp;<\/p>\n","protected":false},"featured_media":116,"comment_status":"open","ping_status":"closed","template":"","meta":{"om_disable_all_campaigns":false,"_monsterinsights_skip_tracking":false,"_monsterinsights_sitenote_active":false,"_monsterinsights_sitenote_note":"","_monsterinsights_sitenote_category":0,"spay_email":""},"product_cat":[22],"product_tag":[],"class_list":["post-115","product","type-product","status-publish","has-post-thumbnail","hentry","product_cat-grande"],"jetpack-related-posts":[{"id":214,"url":"https:\/\/mygarden.mx\/index.php\/product\/hoja-elegante\/","url_meta":{"origin":115,"position":0},"title":"Hoja Elegante","date":"13 de abril de 2021","format":false,"excerpt":"Tama\u00f1o: Grande Hoja elegante \u2728 Planthija que sera\u0301 la mejor aliada para armonizar cualquier espacio de tu hogar por sus distintivas hojas largas y elegantes. Cuidados: \ud83d\udebf Mantener la tierra siempre hu\u0301meda, OJO sin encharcarla, 2 veces por semana esta\u0301 perfecto. \u26c5\ufe0f Un lugar en el cual no reciba luz\u2026","rel":"","context":"Con 1 comentario","img":{"alt_text":"","src":"https:\/\/i0.wp.com\/mygarden.mx\/wp-content\/uploads\/2021\/04\/Hoja-elegante.jpg?fit=1200%2C1200&ssl=1&resize=350%2C200","width":350,"height":200},"classes":[]},{"id":112,"url":"https:\/\/mygarden.mx\/index.php\/product\/ala-de-murcielago\/","url_meta":{"origin":115,"position":1},"title":"Ala de Murci\u00e9lago","date":"12 de abril de 2021","format":false,"excerpt":"Tama\u00f1o: Chica \ud83d\udc49 Planthija caracterizada por sus hermosas hojas que asimilan a las alas de un murcie\u0301lago, posee colores u\u0301nicos que no pasaran desapercibidos en ningu\u0301n lugar. Perfecta para las fechas que se avecinan. \ud83d\udc7b Cuidados: \ud83d\udca6 Mantener la tierra hu\u0301meda, evitar encharcamientos. \u2600\ufe0f Le gusta recibir luz directa Tips:\u2026","rel":"","context":"Entrada similar","img":{"alt_text":"","src":"https:\/\/i0.wp.com\/mygarden.mx\/wp-content\/uploads\/2021\/04\/Ala-de-murcielago.jpg?fit=960%2C1200&ssl=1&resize=350%2C200","width":350,"height":200},"classes":[]},{"id":239,"url":"https:\/\/mygarden.mx\/index.php\/product\/clathea-triostar\/","url_meta":{"origin":115,"position":2},"title":"Calathea Triostar","date":"13 de abril de 2021","format":false,"excerpt":"Tama\u00f1o: Chica Calathea triostar \ud83e\udd9a Stroamanthe triostar tambie\u0301n conocida como \"Calathea triostar\" o \"pavo real\" debido a sus coloridas hojas. Cuidados: \ud83d\udebf Mantener la tierra siempre hu\u0301meda, OJO sin encharcarla, 1 vez por semana esta\u0301 perfecto. \u26c5 Un lugar en el cual no reciba luz directa es su espacio ideal.\u2026","rel":"","context":"Entrada similar","img":{"alt_text":"","src":"https:\/\/i0.wp.com\/mygarden.mx\/wp-content\/uploads\/2021\/04\/Calathea-Triostar.jpg?fit=750%2C711&ssl=1&resize=350%2C200","width":350,"height":200},"classes":[]},{"id":792,"url":"https:\/\/mygarden.mx\/index.php\/product\/cabezota-con-calathea-triostar\/","url_meta":{"origin":115,"position":3},"title":"Cabezota con Calathea Triostar","date":"22 de abril de 2021","format":false,"excerpt":"Calathea triostar \ud83e\udd9a Stroamanthe triostar tambie\u0301n conocida como \"Calathea triostar\" o \"pavo real\" debido a sus coloridas hojas. Cuidados: \ud83d\udebf Mantener la tierra siempre hu\u0301meda, OJO sin encharcarla, 1 vez por semana esta\u0301 perfecto. \u26c5 Un lugar en el cual no reciba luz directa es su espacio ideal. Tips: \ud83d\udca6Si\u2026","rel":"","context":"Entrada similar","img":{"alt_text":"","src":"https:\/\/i0.wp.com\/mygarden.mx\/wp-content\/uploads\/2021\/04\/IMG_1592.png?fit=1080%2C1080&ssl=1&resize=350%2C200","width":350,"height":200},"classes":[]},{"id":4093,"url":"https:\/\/mygarden.mx\/index.php\/product\/telefono-colgante-2\/","url_meta":{"origin":115,"position":4},"title":"Tel\u00e9fono colgante","date":"9 de junio de 2023","format":false,"excerpt":"Tel\u00e9fono colgante (Potus)\u00a0 \u00a0Platnthija colgante eficaz contra la contaminaci\u00f3n ambiental en interiores ya que ayuda a purificar el ambiente. Cuidados: \u00a0Regar solo cuando el sustrato est\u00e9 seco. \u00a0Luz media indirecta; tolera una luminosidad intensa, pero largos periodos de luz solar directa queman las hojas. \u00a0Si vemos que pierden su color\u2026","rel":"","context":"Entrada similar","img":{"alt_text":"Tel\u00e9fono colgante","src":"https:\/\/i0.wp.com\/mygarden.mx\/wp-content\/uploads\/2023\/06\/Captura-de-Pantalla-2023-06-09-a-las-8.53.13.png?fit=840%2C836&ssl=1&resize=350%2C200","width":350,"height":200},"classes":[]},{"id":118,"url":"https:\/\/mygarden.mx\/index.php\/product\/telefono-en-vaso\/","url_meta":{"origin":115,"position":5},"title":"Tel\u00e9fono en Vaso","date":"12 de abril de 2021","format":false,"excerpt":"Tama\u00f1o: Chica Tel\u00e9fono colgante (Potus) \ud83d\udcde \ud83d\udc49 Platnthija colgante eficaz contra la contaminaci\u00f3n ambiental en interiores ya que ayuda a purificar el ambiente. Cuidados: \ud83d\udebf Regar solo cuando el sustrato est\u00e9 seco. \u2600\ufe0f Luz media indirecta; tolera una luminosidad intensa, pero largos periodos de luz solar directa queman las hojas.\u2026","rel":"","context":"Entrada similar","img":{"alt_text":"","src":"https:\/\/i0.wp.com\/mygarden.mx\/wp-content\/uploads\/2021\/04\/Telefono-en-vaso.jpg?fit=1042%2C1042&ssl=1&resize=350%2C200","width":350,"height":200},"classes":[]}],"_links":{"self":[{"href":"https:\/\/mygarden.mx\/index.php\/wp-json\/wp\/v2\/product\/115"}],"collection":[{"href":"https:\/\/mygarden.mx\/index.php\/wp-json\/wp\/v2\/product"}],"about":[{"href":"https:\/\/mygarden.mx\/index.php\/wp-json\/wp\/v2\/types\/product"}],"replies":[{"embeddable":true,"href":"https:\/\/mygarden.mx\/index.php\/wp-json\/wp\/v2\/comments?post=115"}],"wp:featuredmedia":[{"embeddable":true,"href":"https:\/\/mygarden.mx\/index.php\/wp-json\/wp\/v2\/media\/116"}],"wp:attachment":[{"href":"https:\/\/mygarden.mx\/index.php\/wp-json\/wp\/v2\/media?parent=115"}],"wp:term":[{"taxonomy":"product_cat","embeddable":true,"href":"https:\/\/mygarden.mx\/index.php\/wp-json\/wp\/v2\/product_cat?post=115"},{"taxonomy":"product_tag","embeddable":true,"href":"https:\/\/mygarden.mx\/index.php\/wp-json\/wp\/v2\/product_tag?post=115"}],"curies":[{"name":"wp","href":"https:\/\/api.w.org\/{rel}","templated":true}]}}