{"id":126,"date":"2021-04-12T21:18:33","date_gmt":"2021-04-12T21:18:33","guid":{"rendered":"https:\/\/mygarden.mx\/?post_type=product&#038;p=126"},"modified":"2022-12-26T19:44:28","modified_gmt":"2022-12-26T19:44:28","slug":"muela-con-arbol-de-la-abundancia","status":"publish","type":"product","link":"https:\/\/mygarden.mx\/index.php\/product\/muela-con-arbol-de-la-abundancia\/","title":{"rendered":"Muela con \u00c1rbol de la Abundancia"},"content":{"rendered":"","protected":false},"excerpt":{"rendered":"<p>Tama\u00f1o: Chica<\/p>\n<p>Abundancia en muela\ud83d\udc9c<\/p>\n<p>\ud83d\udc49 El \u00e1rbol de la abundancia, una planta que da fortuna a quien le posee \ud83d\ude0desta planthija es ideal para dentistas o para aquellos amantes de los dientes.<\/p>\n<p>Cuidados:<\/p>\n<p>\ud83d\udebf Regar durante el peri\u0301odo ma\u0301s ca\u0301lido; en primavera y en oton\u0303o debe ser mucho ma\u0301s escaso. 3 o\u0301 4 veces por semana.<\/p>\n<p>\u2600\ufe0f A pleno sol<\/p>\n<p>Tips:<\/p>\n<p>\ud83d\ude37 El exceso de agua hace que la planta se pudra.<\/p>\n<p>Maceta: cer\u00e1mica<\/p>\n","protected":false},"featured_media":128,"comment_status":"open","ping_status":"closed","template":"","meta":{"om_disable_all_campaigns":false,"_monsterinsights_skip_tracking":false,"_monsterinsights_sitenote_active":false,"_monsterinsights_sitenote_note":"","_monsterinsights_sitenote_category":0,"spay_email":""},"product_cat":[20],"product_tag":[],"class_list":["post-126","product","type-product","status-publish","has-post-thumbnail","hentry","product_cat-mediana-planthijamaceta"],"jetpack-related-posts":[{"id":138,"url":"https:\/\/mygarden.mx\/index.php\/product\/abundancia-en-mitad-ceramica\/","url_meta":{"origin":126,"position":0},"title":"Abundancia en Mitad Cer\u00e1mica","date":"12 de abril de 2021","format":false,"excerpt":"Tama\u00f1o: Chica Abundancia \ud83d\udc49 El \u00e1rbol de la abundancia, una planta que da fortuna a quien le posee \ud83d\ude0desta planthija es ideal para dentistas o para aquellos amantes de los dientes. Cuidados: \ud83d\udebf Regar durante el peri\u0301odo ma\u0301s ca\u0301lido; en primavera y en oton\u0303o debe ser mucho ma\u0301s escaso. 3\u2026","rel":"","context":"Entrada similar","img":{"alt_text":"","src":"https:\/\/i0.wp.com\/mygarden.mx\/wp-content\/uploads\/2021\/04\/Abundancia-en-mitad-ceramica.png?fit=900%2C1200&ssl=1&resize=350%2C200","width":350,"height":200},"classes":[]},{"id":82,"url":"https:\/\/mygarden.mx\/index.php\/product\/muela\/","url_meta":{"origin":126,"position":1},"title":"Muela","date":"12 de abril de 2021","format":false,"excerpt":"Muela Barro \u00a1Selecciona el color de tu preferencia! Material: Barro","rel":"","context":"Entrada similar","img":{"alt_text":"","src":"https:\/\/i0.wp.com\/mygarden.mx\/wp-content\/uploads\/2021\/04\/Muela1.png?fit=1200%2C1200&ssl=1&resize=350%2C200","width":350,"height":200},"classes":[]},{"id":1019,"url":"https:\/\/mygarden.mx\/index.php\/product\/cabezota-con-esqueleto\/","url_meta":{"origin":126,"position":2},"title":"Cabezota con esqueleto","date":"6 de octubre de 2021","format":false,"excerpt":"Esqueleto o Monstera Adansonii\ud83d\udc80 \u00a0","rel":"","context":"Entrada similar","img":{"alt_text":"Cabezota con Monstera","src":"https:\/\/i0.wp.com\/mygarden.mx\/wp-content\/uploads\/2021\/10\/2.jpg?fit=888%2C1024&ssl=1&resize=350%2C200","width":350,"height":200},"classes":[]},{"id":234,"url":"https:\/\/mygarden.mx\/index.php\/product\/arbol-de-hule\/","url_meta":{"origin":126,"position":3},"title":"\u00c1rbol de Hule","date":"13 de abril de 2021","format":false,"excerpt":"Tama\u00f1o: Grande \u00c1rbol de hule (Ficus el\u00e1stica) Arbolhija que no requiere grandes cuidados m\u00e1s all\u00e1 de los b\u00e1sicos. Con que sepas lo que detallamos a continuaci\u00f3n es m\u00e1s que suficiente Cuidados: \ud83d\udebf Necesita poco riego: dos veces por semana en verano y una en invierno (o incluso menos, en regiones\u2026","rel":"","context":"Entrada similar","img":{"alt_text":"","src":"https:\/\/i0.wp.com\/mygarden.mx\/wp-content\/uploads\/2021\/04\/arbol-de-hule2.jpg?fit=1080%2C1080&ssl=1&resize=350%2C200","width":350,"height":200},"classes":[]},{"id":122,"url":"https:\/\/mygarden.mx\/index.php\/product\/sabila-en-taza\/","url_meta":{"origin":126,"position":4},"title":"S\u00e1bila en Taza","date":"12 de abril de 2021","format":false,"excerpt":"Tama\u00f1o: Chica S\u00e1bila \ud83d\udc49 La s\u00e1bila, tambi\u00e9n conocida como aloe vera, es una planthija suculenta de la familia de las Asphodelaceae. Esta planta es una maravilla porque adem\u00e1s de ser bonita, tiene m\u00faltiples bondades medicinales. Cuidados: \ud83d\udebf Partiendo del riego semanal recomendado para la s\u00e1bila, basta con mirar la parte\u2026","rel":"","context":"Entrada similar","img":{"alt_text":"","src":"https:\/\/i0.wp.com\/mygarden.mx\/wp-content\/uploads\/2021\/04\/Sabila-1.jpg?fit=1042%2C1042&ssl=1&resize=350%2C200","width":350,"height":200},"classes":[]},{"id":244,"url":"https:\/\/mygarden.mx\/index.php\/product\/humanitx-con-kiwi\/","url_meta":{"origin":126,"position":5},"title":"Humanitx con Kiwi","date":"13 de abril de 2021","format":false,"excerpt":"Tama\u00f1o: Chica Humanitx con Kiwi \ud83e\udd5d El Kiwi es una planta suculenta de peque\u00f1o tama\u00f1o perfecta para interiores. Sus tonos rosas y amarillos hacen de ella una planta muy llamativa. Cuidados: \ud83d\udebf Regar cuando el sustrato est\u00e9 seco \u26c5 Necesita bastantes horas de luz, pero sin sol directo Tips: \ud83d\udca6El\u2026","rel":"","context":"Entrada similar","img":{"alt_text":"","src":"https:\/\/i0.wp.com\/mygarden.mx\/wp-content\/uploads\/2021\/04\/Humanitx-con-Kiwi.jpg?fit=1200%2C1200&ssl=1&resize=350%2C200","width":350,"height":200},"classes":[]}],"_links":{"self":[{"href":"https:\/\/mygarden.mx\/index.php\/wp-json\/wp\/v2\/product\/126"}],"collection":[{"href":"https:\/\/mygarden.mx\/index.php\/wp-json\/wp\/v2\/product"}],"about":[{"href":"https:\/\/mygarden.mx\/index.php\/wp-json\/wp\/v2\/types\/product"}],"replies":[{"embeddable":true,"href":"https:\/\/mygarden.mx\/index.php\/wp-json\/wp\/v2\/comments?post=126"}],"wp:featuredmedia":[{"embeddable":true,"href":"https:\/\/mygarden.mx\/index.php\/wp-json\/wp\/v2\/media\/128"}],"wp:attachment":[{"href":"https:\/\/mygarden.mx\/index.php\/wp-json\/wp\/v2\/media?parent=126"}],"wp:term":[{"taxonomy":"product_cat","embeddable":true,"href":"https:\/\/mygarden.mx\/index.php\/wp-json\/wp\/v2\/product_cat?post=126"},{"taxonomy":"product_tag","embeddable":true,"href":"https:\/\/mygarden.mx\/index.php\/wp-json\/wp\/v2\/product_tag?post=126"}],"curies":[{"name":"wp","href":"https:\/\/api.w.org\/{rel}","templated":true}]}}