{"id":146,"date":"2021-04-12T23:26:25","date_gmt":"2021-04-12T23:26:25","guid":{"rendered":"https:\/\/mygarden.mx\/?post_type=product&#038;p=146"},"modified":"2023-07-21T19:01:15","modified_gmt":"2023-07-21T19:01:15","slug":"cabeza-de-buda-con-hierba-de-la-calentura","status":"publish","type":"product","link":"https:\/\/mygarden.mx\/index.php\/product\/cabeza-de-buda-con-hierba-de-la-calentura\/","title":{"rendered":"Cabeza de Buda con hierba de la calentura"},"content":{"rendered":"","protected":false},"excerpt":{"rendered":"<p>Tama\u00f1o: Chica<\/p>\n<p>Hierba de la calentura \ud83d\udd25<\/p>\n<p>\ud83d\udc49Esta planthija caracterizada por tener un tono su\u0301per vivaz le dara\u0301 color a cualquier pasillo, ventana o esquina en la que se encuentre, no pasara\u0301 desapercibida.<\/p>\n<p>Cuidados:<\/p>\n<p>\ud83d\udebf Cada 2 a 3 di\u0301as, no es conveniente rociar las hojas.<\/p>\n<p>\u2600\ufe0f Lo ido\u0301neo es que si situ\u0301e en un lugar donde reciba algunas horas de sol al di\u0301a, pero no al medio di\u0301a.<\/p>\n<p>\u2744\ufe0f NO resiste bien el fri\u0301o<\/p>\n<p>Tips:<\/p>\n<p>\ud83c\udf2c Colocarla en un lugar en el que haya buena ventilacio\u0301n<\/p>\n<p>\ud83d\udc40 Situarla en un lugar que reciba el sol de las primeras horas de la man\u0303ana. Una buena iluminacio\u0301n es esencial para garantizar el color rojizo de las hojas.<\/p>\n<p>Maceta: barro<\/p>\n","protected":false},"featured_media":148,"comment_status":"open","ping_status":"closed","template":"","meta":{"om_disable_all_campaigns":false,"_monsterinsights_skip_tracking":false,"_monsterinsights_sitenote_active":false,"_monsterinsights_sitenote_note":"","_monsterinsights_sitenote_category":0,"spay_email":""},"product_cat":[21],"product_tag":[],"class_list":["post-146","product","type-product","status-publish","has-post-thumbnail","hentry","product_cat-chica"],"jetpack-related-posts":[{"id":476,"url":"https:\/\/mygarden.mx\/index.php\/product\/tinita-con-hierba-de-la-calentura\/","url_meta":{"origin":146,"position":0},"title":"Tinita con Hierba de la Calentura","date":"13 de abril de 2021","format":false,"excerpt":"Tama\u00f1o: Chico Hierba de la calentura \ud83d\udd25 \ud83d\udc49Esta planthija caracterizada por tener un tono su\u0301per vivaz le dara\u0301 color a cualquier pasillo, ventana o esquina en la que se encuentre, no pasara\u0301 desapercibida. Cuidados: \ud83d\udebf Cada 2 a 3 di\u0301as, no es conveniente rociar las hojas. \u2600\ufe0f Lo ido\u0301neo es\u2026","rel":"","context":"Entrada similar","img":{"alt_text":"","src":"https:\/\/i0.wp.com\/mygarden.mx\/wp-content\/uploads\/2021\/04\/Tinita2.jpg?fit=898%2C1200&ssl=1&resize=350%2C200","width":350,"height":200},"classes":[]},{"id":158,"url":"https:\/\/mygarden.mx\/index.php\/product\/garra-de-leon\/","url_meta":{"origin":146,"position":1},"title":"Garra de le\u00f3n","date":"12 de abril de 2021","format":false,"excerpt":"Tama\u00f1o: Grande Garra de le\u00f3n \ud83e\udd81 \ud83d\udc49Es una planthija muy decorativa debido a sus grandes hojas de color verde medio brillante, que dan a la planta un aspecto tropical y ex\u00f3tico. Cuidados: \ud83d\udebf Permitir que el sustrato se seque antes de volver a regar. Reducir la frecuencia de riego durante\u2026","rel":"","context":"Entrada similar","img":{"alt_text":"","src":"https:\/\/i0.wp.com\/mygarden.mx\/wp-content\/uploads\/2021\/04\/Garra-de-leon-1.jpg?fit=960%2C1200&ssl=1&resize=350%2C200","width":350,"height":200},"classes":[]},{"id":112,"url":"https:\/\/mygarden.mx\/index.php\/product\/ala-de-murcielago\/","url_meta":{"origin":146,"position":2},"title":"Ala de Murci\u00e9lago","date":"12 de abril de 2021","format":false,"excerpt":"Tama\u00f1o: Chica \ud83d\udc49 Planthija caracterizada por sus hermosas hojas que asimilan a las alas de un murcie\u0301lago, posee colores u\u0301nicos que no pasaran desapercibidos en ningu\u0301n lugar. Perfecta para las fechas que se avecinan. \ud83d\udc7b Cuidados: \ud83d\udca6 Mantener la tierra hu\u0301meda, evitar encharcamientos. \u2600\ufe0f Le gusta recibir luz directa Tips:\u2026","rel":"","context":"Entrada similar","img":{"alt_text":"","src":"https:\/\/i0.wp.com\/mygarden.mx\/wp-content\/uploads\/2021\/04\/Ala-de-murcielago.jpg?fit=960%2C1200&ssl=1&resize=350%2C200","width":350,"height":200},"classes":[]},{"id":239,"url":"https:\/\/mygarden.mx\/index.php\/product\/clathea-triostar\/","url_meta":{"origin":146,"position":3},"title":"Calathea Triostar","date":"13 de abril de 2021","format":false,"excerpt":"Tama\u00f1o: Chica Calathea triostar \ud83e\udd9a Stroamanthe triostar tambie\u0301n conocida como \"Calathea triostar\" o \"pavo real\" debido a sus coloridas hojas. Cuidados: \ud83d\udebf Mantener la tierra siempre hu\u0301meda, OJO sin encharcarla, 1 vez por semana esta\u0301 perfecto. \u26c5 Un lugar en el cual no reciba luz directa es su espacio ideal.\u2026","rel":"","context":"Entrada similar","img":{"alt_text":"","src":"https:\/\/i0.wp.com\/mygarden.mx\/wp-content\/uploads\/2021\/04\/Calathea-Triostar.jpg?fit=750%2C711&ssl=1&resize=350%2C200","width":350,"height":200},"classes":[]},{"id":792,"url":"https:\/\/mygarden.mx\/index.php\/product\/cabezota-con-calathea-triostar\/","url_meta":{"origin":146,"position":4},"title":"Cabezota con Calathea Triostar","date":"22 de abril de 2021","format":false,"excerpt":"Calathea triostar \ud83e\udd9a Stroamanthe triostar tambie\u0301n conocida como \"Calathea triostar\" o \"pavo real\" debido a sus coloridas hojas. Cuidados: \ud83d\udebf Mantener la tierra siempre hu\u0301meda, OJO sin encharcarla, 1 vez por semana esta\u0301 perfecto. \u26c5 Un lugar en el cual no reciba luz directa es su espacio ideal. Tips: \ud83d\udca6Si\u2026","rel":"","context":"Entrada similar","img":{"alt_text":"","src":"https:\/\/i0.wp.com\/mygarden.mx\/wp-content\/uploads\/2021\/04\/IMG_1592.png?fit=1080%2C1080&ssl=1&resize=350%2C200","width":350,"height":200},"classes":[]},{"id":214,"url":"https:\/\/mygarden.mx\/index.php\/product\/hoja-elegante\/","url_meta":{"origin":146,"position":5},"title":"Hoja Elegante","date":"13 de abril de 2021","format":false,"excerpt":"Tama\u00f1o: Grande Hoja elegante \u2728 Planthija que sera\u0301 la mejor aliada para armonizar cualquier espacio de tu hogar por sus distintivas hojas largas y elegantes. Cuidados: \ud83d\udebf Mantener la tierra siempre hu\u0301meda, OJO sin encharcarla, 2 veces por semana esta\u0301 perfecto. \u26c5\ufe0f Un lugar en el cual no reciba luz\u2026","rel":"","context":"Con 1 comentario","img":{"alt_text":"","src":"https:\/\/i0.wp.com\/mygarden.mx\/wp-content\/uploads\/2021\/04\/Hoja-elegante.jpg?fit=1200%2C1200&ssl=1&resize=350%2C200","width":350,"height":200},"classes":[]}],"_links":{"self":[{"href":"https:\/\/mygarden.mx\/index.php\/wp-json\/wp\/v2\/product\/146"}],"collection":[{"href":"https:\/\/mygarden.mx\/index.php\/wp-json\/wp\/v2\/product"}],"about":[{"href":"https:\/\/mygarden.mx\/index.php\/wp-json\/wp\/v2\/types\/product"}],"replies":[{"embeddable":true,"href":"https:\/\/mygarden.mx\/index.php\/wp-json\/wp\/v2\/comments?post=146"}],"wp:featuredmedia":[{"embeddable":true,"href":"https:\/\/mygarden.mx\/index.php\/wp-json\/wp\/v2\/media\/148"}],"wp:attachment":[{"href":"https:\/\/mygarden.mx\/index.php\/wp-json\/wp\/v2\/media?parent=146"}],"wp:term":[{"taxonomy":"product_cat","embeddable":true,"href":"https:\/\/mygarden.mx\/index.php\/wp-json\/wp\/v2\/product_cat?post=146"},{"taxonomy":"product_tag","embeddable":true,"href":"https:\/\/mygarden.mx\/index.php\/wp-json\/wp\/v2\/product_tag?post=146"}],"curies":[{"name":"wp","href":"https:\/\/api.w.org\/{rel}","templated":true}]}}