{"id":214,"date":"2021-04-13T14:42:10","date_gmt":"2021-04-13T14:42:10","guid":{"rendered":"https:\/\/mygarden.mx\/?post_type=product&#038;p=214"},"modified":"2023-04-25T05:37:09","modified_gmt":"2023-04-25T05:37:09","slug":"hoja-elegante","status":"publish","type":"product","link":"https:\/\/mygarden.mx\/index.php\/product\/hoja-elegante\/","title":{"rendered":"Hoja Elegante"},"content":{"rendered":"","protected":false},"excerpt":{"rendered":"<p>Tama\u00f1o: Grande<\/p>\n<p>Hoja elegante \u2728<\/p>\n<p>Planthija que sera\u0301 la mejor aliada para armonizar cualquier espacio de tu hogar por sus distintivas hojas largas y elegantes.<\/p>\n<p>Cuidados:<\/p>\n<p>\ud83d\udebf Mantener la tierra siempre hu\u0301meda, OJO sin encharcarla, 2 veces por semana esta\u0301 perfecto.<\/p>\n<p>\u26c5\ufe0f Un lugar en el cual no reciba luz directa es su espacio ideal.<\/p>\n<p>Tips:<\/p>\n<p>\ud83d\udca6Si quieres que se vea mas hermosa intenta rociar sus hojas constantemente y limpiarlas tambie\u0301n.<\/p>\n<p>Maceta: barro<\/p>\n","protected":false},"featured_media":572,"comment_status":"open","ping_status":"closed","template":"","meta":{"om_disable_all_campaigns":false,"_monsterinsights_skip_tracking":false,"_monsterinsights_sitenote_active":false,"_monsterinsights_sitenote_note":"","_monsterinsights_sitenote_category":0,"spay_email":""},"product_cat":[22],"product_tag":[],"class_list":["post-214","product","type-product","status-publish","has-post-thumbnail","hentry","product_cat-grande"],"jetpack-related-posts":[{"id":263,"url":"https:\/\/mygarden.mx\/index.php\/product\/hoja-alegante\/","url_meta":{"origin":214,"position":0},"title":"Hoja Elegante","date":"13 de abril de 2021","format":false,"excerpt":"","rel":"","context":"Entrada similar","img":{"alt_text":"","src":"https:\/\/i0.wp.com\/mygarden.mx\/wp-content\/uploads\/2021\/04\/Hoja-elegante-1.png?fit=675%2C1200&ssl=1&resize=350%2C200","width":350,"height":200},"classes":[]},{"id":239,"url":"https:\/\/mygarden.mx\/index.php\/product\/clathea-triostar\/","url_meta":{"origin":214,"position":1},"title":"Calathea Triostar","date":"13 de abril de 2021","format":false,"excerpt":"Tama\u00f1o: Chica Calathea triostar \ud83e\udd9a Stroamanthe triostar tambie\u0301n conocida como \"Calathea triostar\" o \"pavo real\" debido a sus coloridas hojas. Cuidados: \ud83d\udebf Mantener la tierra siempre hu\u0301meda, OJO sin encharcarla, 1 vez por semana esta\u0301 perfecto. \u26c5 Un lugar en el cual no reciba luz directa es su espacio ideal.\u2026","rel":"","context":"Entrada similar","img":{"alt_text":"","src":"https:\/\/i0.wp.com\/mygarden.mx\/wp-content\/uploads\/2021\/04\/Calathea-Triostar.jpg?fit=750%2C711&ssl=1&resize=350%2C200","width":350,"height":200},"classes":[]},{"id":792,"url":"https:\/\/mygarden.mx\/index.php\/product\/cabezota-con-calathea-triostar\/","url_meta":{"origin":214,"position":2},"title":"Cabezota con Calathea Triostar","date":"22 de abril de 2021","format":false,"excerpt":"Calathea triostar \ud83e\udd9a Stroamanthe triostar tambie\u0301n conocida como \"Calathea triostar\" o \"pavo real\" debido a sus coloridas hojas. Cuidados: \ud83d\udebf Mantener la tierra siempre hu\u0301meda, OJO sin encharcarla, 1 vez por semana esta\u0301 perfecto. \u26c5 Un lugar en el cual no reciba luz directa es su espacio ideal. Tips: \ud83d\udca6Si\u2026","rel":"","context":"Entrada similar","img":{"alt_text":"","src":"https:\/\/i0.wp.com\/mygarden.mx\/wp-content\/uploads\/2021\/04\/IMG_1592.png?fit=1080%2C1080&ssl=1&resize=350%2C200","width":350,"height":200},"classes":[]},{"id":115,"url":"https:\/\/mygarden.mx\/index.php\/product\/cuna-de-moises\/","url_meta":{"origin":214,"position":3},"title":"Cuna De Mois\u00e9s","date":"12 de abril de 2021","format":false,"excerpt":"Tama\u00f1o: Mediana \ud83d\udc49 Esta belli\u0301sima planthija es una de las ma\u0301s expertas en purificar el aire de tu entorno, su\u0301per fa\u0301cil de cuidar y con extraordinarias hojas verdes y flores blancas. Cuidados \ud83d\udebf Mantener la tierra siempre hu\u0301meda. OJO: sin encharcarla. Permitir que el sustrato se seque antes de volver\u2026","rel":"","context":"Entrada similar","img":{"alt_text":"","src":"https:\/\/i0.wp.com\/mygarden.mx\/wp-content\/uploads\/2021\/04\/Cuna-de-Moises.jpg?fit=750%2C727&ssl=1&resize=350%2C200","width":350,"height":200},"classes":[]},{"id":158,"url":"https:\/\/mygarden.mx\/index.php\/product\/garra-de-leon\/","url_meta":{"origin":214,"position":4},"title":"Garra de le\u00f3n","date":"12 de abril de 2021","format":false,"excerpt":"Tama\u00f1o: Grande Garra de le\u00f3n \ud83e\udd81 \ud83d\udc49Es una planthija muy decorativa debido a sus grandes hojas de color verde medio brillante, que dan a la planta un aspecto tropical y ex\u00f3tico. Cuidados: \ud83d\udebf Permitir que el sustrato se seque antes de volver a regar. Reducir la frecuencia de riego durante\u2026","rel":"","context":"Entrada similar","img":{"alt_text":"","src":"https:\/\/i0.wp.com\/mygarden.mx\/wp-content\/uploads\/2021\/04\/Garra-de-leon-1.jpg?fit=960%2C1200&ssl=1&resize=350%2C200","width":350,"height":200},"classes":[]},{"id":4093,"url":"https:\/\/mygarden.mx\/index.php\/product\/telefono-colgante-2\/","url_meta":{"origin":214,"position":5},"title":"Tel\u00e9fono colgante","date":"9 de junio de 2023","format":false,"excerpt":"Tel\u00e9fono colgante (Potus)\u00a0 \u00a0Platnthija colgante eficaz contra la contaminaci\u00f3n ambiental en interiores ya que ayuda a purificar el ambiente. Cuidados: \u00a0Regar solo cuando el sustrato est\u00e9 seco. \u00a0Luz media indirecta; tolera una luminosidad intensa, pero largos periodos de luz solar directa queman las hojas. \u00a0Si vemos que pierden su color\u2026","rel":"","context":"Entrada similar","img":{"alt_text":"Tel\u00e9fono colgante","src":"https:\/\/i0.wp.com\/mygarden.mx\/wp-content\/uploads\/2023\/06\/Captura-de-Pantalla-2023-06-09-a-las-8.53.13.png?fit=840%2C836&ssl=1&resize=350%2C200","width":350,"height":200},"classes":[]}],"_links":{"self":[{"href":"https:\/\/mygarden.mx\/index.php\/wp-json\/wp\/v2\/product\/214"}],"collection":[{"href":"https:\/\/mygarden.mx\/index.php\/wp-json\/wp\/v2\/product"}],"about":[{"href":"https:\/\/mygarden.mx\/index.php\/wp-json\/wp\/v2\/types\/product"}],"replies":[{"embeddable":true,"href":"https:\/\/mygarden.mx\/index.php\/wp-json\/wp\/v2\/comments?post=214"}],"wp:featuredmedia":[{"embeddable":true,"href":"https:\/\/mygarden.mx\/index.php\/wp-json\/wp\/v2\/media\/572"}],"wp:attachment":[{"href":"https:\/\/mygarden.mx\/index.php\/wp-json\/wp\/v2\/media?parent=214"}],"wp:term":[{"taxonomy":"product_cat","embeddable":true,"href":"https:\/\/mygarden.mx\/index.php\/wp-json\/wp\/v2\/product_cat?post=214"},{"taxonomy":"product_tag","embeddable":true,"href":"https:\/\/mygarden.mx\/index.php\/wp-json\/wp\/v2\/product_tag?post=214"}],"curies":[{"name":"wp","href":"https:\/\/api.w.org\/{rel}","templated":true}]}}