{"id":2321,"date":"2022-01-24T20:36:34","date_gmt":"2022-01-24T20:36:34","guid":{"rendered":"https:\/\/mygarden.mx\/?post_type=product&#038;p=2321"},"modified":"2023-01-25T16:12:59","modified_gmt":"2023-01-25T16:12:59","slug":"promo-humanitxs-san-valentin","status":"publish","type":"product","link":"https:\/\/mygarden.mx\/index.php\/product\/promo-humanitxs-san-valentin\/","title":{"rendered":"Promo humanitxs San Valent\u00edn"},"content":{"rendered":"<p>Dilo con planthijas&#8230; este 14 de febrero regala vida y haz feliz a esa persona especial.<\/p>\n<p>Los humanitxs son de las macetas m\u00e1s emblem\u00e1ticas de mygarden y en esta ocasi\u00f3n armamos este set para facilitarte la vida, ya que sabemos lo complicado que puede llegar a ser elegir un regalo.<\/p>\n<p>En la secci\u00f3n de comentarios ind\u00edcanos si deseas incluir alg\u00fan mensaje especial, si quieres que se entregue en alguna fecha en espec\u00edfico, etc.<\/p>\n<p>\ud83d\udc49\ud83c\udffb Humanitxs<\/p>\n<p>Con ambas son los mismos cuidados.<br \/>\n\u26c5\ufe0f Tienes que procurar que no les de sol directo, en resolana o en sombra est\u00e1n perfecto.<br \/>\n\ud83d\udca6 Es cada 2 d\u00edas, puedes ir checando c\u00f3mo va el sustrato introduciendo un palito de madera. Si el palito sale seco es hora de regar, si por el contrario sale muy h\u00famedo quiere decir que no tienes que regar.<br \/>\nCon estas planthijas es importante no ahogarlas, para eso puedes regar con un atomizador o con cucharadas.<\/p>\n<p>*El precio no incluye banquito de madera<\/p>\n","protected":false},"excerpt":{"rendered":"<p>Dilo con planthijas&#8230; este 14 de febrero regala vida y haz feliz a esa persona especial. Los humanitxs son de las macetas m\u00e1s emblem\u00e1ticas de mygarden y en esta ocasi\u00f3n armamos este set para facilitarte la vida, ya que sabemos lo complicado que puede llegar a ser elegir un regalo. En la secci\u00f3n de comentarios &hellip;<\/p>\n<p class=\"read-more\"> <a class=\"\" href=\"https:\/\/mygarden.mx\/index.php\/product\/promo-humanitxs-san-valentin\/\"> <span class=\"screen-reader-text\">Promo humanitxs San Valent\u00edn<\/span> Leer m\u00e1s &raquo;<\/a><\/p>\n","protected":false},"featured_media":2322,"comment_status":"open","ping_status":"closed","template":"","meta":{"om_disable_all_campaigns":false,"_monsterinsights_skip_tracking":false,"_monsterinsights_sitenote_active":false,"_monsterinsights_sitenote_note":"","_monsterinsights_sitenote_category":0,"spay_email":""},"product_cat":[21],"product_tag":[],"class_list":["post-2321","product","type-product","status-publish","has-post-thumbnail","hentry","product_cat-chica"],"jetpack-related-posts":[{"id":3107,"url":"https:\/\/mygarden.mx\/index.php\/product\/set-3-humanitxs\/","url_meta":{"origin":2321,"position":0},"title":"Set 3 ni\u00f1xs","date":"24 de abril de 2022","format":false,"excerpt":"Psss, pssss\u2026 \u00bfya tienes tu regalo para este\u00a0#10demayo?\ud83e\udd14 Si a\u00fan no tienes idea qu\u00e9 regalarle a\u00a0#mam\u00e1, date una vuelta por nuestro perfil y descubre las planthijas que tenemos listas para este\u00a0#diadelasmadres\u00a0\ud83d\udc95 \u00a1Regala\u00a0#planthijas, regala vida!\ud83e\udeb4\ud83d\udc9a \ud83d\udc49\ud83c\udffb Ll\u00e9vate estos 3 humanitxs por 550 MXN, el precio incluye 3 macetas + 3 planthijas.\u2026","rel":"","context":"Entrada similar","img":{"alt_text":"Macetas cer\u00e1mica","src":"https:\/\/i0.wp.com\/mygarden.mx\/wp-content\/uploads\/2022\/04\/2A003AD9-39CE-47B0-80EF-2EC5C5288BF7.jpg?fit=675%2C1200&ssl=1&resize=350%2C200","width":350,"height":200},"classes":[]},{"id":3055,"url":"https:\/\/mygarden.mx\/index.php\/product\/set-humanitas-embarazadas\/","url_meta":{"origin":2321,"position":1},"title":"Set humanitas embarazadas","date":"24 de abril de 2022","format":false,"excerpt":"Psss, pssss\u2026 \u00bfya tienes tu regalo para este #10demayo?\ud83e\udd14 Si a\u00fan no tienes idea qu\u00e9 regalarle a\u00a0#mam\u00e1, date una vuelta por nuestro perfil y descubre las planthijas que tenemos listas para este\u00a0#diadelasmadres\u00a0\ud83d\udc95 \u00a1Regala\u00a0#planthijas, regala vida!\ud83e\udeb4\ud83d\udc9a \ud83d\udc49\ud83c\udffb Ll\u00e9vate estos 2 humanitxs por 450 MXN, el precio incluye 2 macetas de humanitas\u2026","rel":"","context":"Entrada similar","img":{"alt_text":"Humanitas embarazadas","src":"https:\/\/i0.wp.com\/mygarden.mx\/wp-content\/uploads\/2022\/04\/C1DC7D3D-ED12-4569-865A-F2A2E7574D24.jpg?fit=675%2C1200&ssl=1&resize=350%2C200","width":350,"height":200},"classes":[]},{"id":3553,"url":"https:\/\/mygarden.mx\/index.php\/product\/promo-san-valentin-banquita-madera\/","url_meta":{"origin":2321,"position":2},"title":"Promo San Valent\u00edn + banquita madera","date":"24 de septiembre de 2022","format":false,"excerpt":"T\u00fa y tu amorcito \ud83e\udd70 Regala este set a esa persona especial y hazla feliz \ud83e\udeb4\ud83d\udc9a \u00a1Regala planthijas, regala vida! \ud83d\udc49\ud83c\udffb El set completo tiene un costo de 750 MXN e incluye: 2 humanitxs de cer\u00e1mica + 2 planthijas + banquito madera.","rel":"","context":"Entrada similar","img":{"alt_text":"Regalo San Valent\u00edn","src":"https:\/\/i0.wp.com\/mygarden.mx\/wp-content\/uploads\/2022\/09\/76878ed8-0429-4194-8b56-833c95b2bef4.jpg?fit=898%2C1200&ssl=1&resize=350%2C200","width":350,"height":200},"classes":[]},{"id":3420,"url":"https:\/\/mygarden.mx\/index.php\/product\/orquida-con-jetotas\/","url_meta":{"origin":2321,"position":3},"title":"Orqu\u00eddea con Jetotas","date":"23 de agosto de 2022","format":false,"excerpt":"Las orqu\u00eddeas llegaron a mygarden para sumar un miembro m\u00e1s a tu familia de\u00a0#planthijas \ud83d\udc9a. Y ya que las macetas en forma de cabeza son de sus favoritas, decidimos lanzarlas acompa\u00f1adas de nuestra nueva maceta \u201cjetotas\u201d. \u00a1Pide las tuyas antes de que vuelen! \ud83d\udc49 En la secci\u00f3n de comentarios, puedes\u2026","rel":"","context":"Entrada similar","img":{"alt_text":"Orqu\u00eddea en maceta forma cara","src":"https:\/\/i0.wp.com\/mygarden.mx\/wp-content\/uploads\/2022\/08\/Jetotas-con-orquidea.jpeg?fit=900%2C1200&ssl=1&resize=350%2C200","width":350,"height":200},"classes":[]},{"id":3047,"url":"https:\/\/mygarden.mx\/index.php\/product\/set-mama-e-hijx\/","url_meta":{"origin":2321,"position":4},"title":"Set mam\u00e1 e hijx","date":"23 de abril de 2022","format":false,"excerpt":"Este\u00a0#10demayo\u00a0regala vida en forma de\u00a0#planthijas\u00a0\ud83e\udeb4 y haz feliz a\u00a0#mam\u00e1\u00a0\ud83d\udc95. Dale a mam\u00e1 este incre\u00edble set\u00a0 \ud83e\udd29 \ud83d\udc49\ud83c\udffb El set incluye 3 macetas: mam\u00e1, hijx y macetita de manos con piedras decorativas. Son de cer\u00e1mica. \ud83d\udc49\ud83c\udffbLas planthijas son ideales para interiores.","rel":"","context":"Entrada similar","img":{"alt_text":"Regalo 10 de mayo","src":"https:\/\/i0.wp.com\/mygarden.mx\/wp-content\/uploads\/2022\/04\/WhatsApp-Image-2022-04-22-at-9.34.07-PM.jpeg?fit=900%2C1200&ssl=1&resize=350%2C200","width":350,"height":200},"classes":[]},{"id":219,"url":"https:\/\/mygarden.mx\/index.php\/product\/monstera-deliciosa\/","url_meta":{"origin":2321,"position":5},"title":"Monstera Deliciosa","date":"13 de abril de 2021","format":false,"excerpt":"Tama\u00f1o: Grande Monstera deliciosa \ud83e\udd24 \ud83d\udc49Planthija conocida por sus grandes hojas con hendiduras que le ayudan a liberar estre\u0301s. Lo impresionante de esta planthija es que puede llevarla a casa cuando recie\u0301n es un tallo chico y verla crecer hasta convertirse en una gigante de metros de altura. Cuidados: \ud83c\udf24\u2026","rel":"","context":"Entrada similar","img":{"alt_text":"","src":"https:\/\/i0.wp.com\/mygarden.mx\/wp-content\/uploads\/2021\/04\/Monstera-principal.jpg?fit=548%2C821&ssl=1&resize=350%2C200","width":350,"height":200},"classes":[]}],"_links":{"self":[{"href":"https:\/\/mygarden.mx\/index.php\/wp-json\/wp\/v2\/product\/2321"}],"collection":[{"href":"https:\/\/mygarden.mx\/index.php\/wp-json\/wp\/v2\/product"}],"about":[{"href":"https:\/\/mygarden.mx\/index.php\/wp-json\/wp\/v2\/types\/product"}],"replies":[{"embeddable":true,"href":"https:\/\/mygarden.mx\/index.php\/wp-json\/wp\/v2\/comments?post=2321"}],"wp:featuredmedia":[{"embeddable":true,"href":"https:\/\/mygarden.mx\/index.php\/wp-json\/wp\/v2\/media\/2322"}],"wp:attachment":[{"href":"https:\/\/mygarden.mx\/index.php\/wp-json\/wp\/v2\/media?parent=2321"}],"wp:term":[{"taxonomy":"product_cat","embeddable":true,"href":"https:\/\/mygarden.mx\/index.php\/wp-json\/wp\/v2\/product_cat?post=2321"},{"taxonomy":"product_tag","embeddable":true,"href":"https:\/\/mygarden.mx\/index.php\/wp-json\/wp\/v2\/product_tag?post=2321"}],"curies":[{"name":"wp","href":"https:\/\/api.w.org\/{rel}","templated":true}]}}