{"id":239,"date":"2021-04-13T15:42:25","date_gmt":"2021-04-13T15:42:25","guid":{"rendered":"https:\/\/mygarden.mx\/?post_type=product&#038;p=239"},"modified":"2022-01-18T04:49:28","modified_gmt":"2022-01-18T04:49:28","slug":"clathea-triostar","status":"publish","type":"product","link":"https:\/\/mygarden.mx\/index.php\/product\/clathea-triostar\/","title":{"rendered":"Calathea Triostar"},"content":{"rendered":"","protected":false},"excerpt":{"rendered":"<p>Tama\u00f1o: Chica<\/p>\n<p>Calathea triostar \ud83e\udd9a<\/p>\n<p>Stroamanthe triostar tambie\u0301n conocida como \u00abCalathea triostar\u00bb o \u00abpavo real\u00bb debido a sus coloridas hojas.<\/p>\n<p>Cuidados:<\/p>\n<p>\ud83d\udebf Mantener la tierra siempre hu\u0301meda, OJO sin encharcarla, 1 vez por semana esta\u0301 perfecto.<\/p>\n<p>\u26c5 Un lugar en el cual no reciba luz directa es su espacio ideal.<\/p>\n<p>Tips:<\/p>\n<p>\ud83d\udca6Si quieres que se vea mas hermosa intenta rociar sus hojas constantemente y limpiarlas tambie\u0301n.<\/p>\n<p>Maceta: Cer\u00e1mica<\/p>\n","protected":false},"featured_media":241,"comment_status":"open","ping_status":"closed","template":"","meta":{"om_disable_all_campaigns":false,"_monsterinsights_skip_tracking":false,"_monsterinsights_sitenote_active":false,"_monsterinsights_sitenote_note":"","_monsterinsights_sitenote_category":0,"spay_email":""},"product_cat":[21],"product_tag":[],"class_list":["post-239","product","type-product","status-publish","has-post-thumbnail","hentry","product_cat-chica"],"jetpack-related-posts":[{"id":792,"url":"https:\/\/mygarden.mx\/index.php\/product\/cabezota-con-calathea-triostar\/","url_meta":{"origin":239,"position":0},"title":"Cabezota con Calathea Triostar","date":"22 de abril de 2021","format":false,"excerpt":"Calathea triostar \ud83e\udd9a Stroamanthe triostar tambie\u0301n conocida como \"Calathea triostar\" o \"pavo real\" debido a sus coloridas hojas. Cuidados: \ud83d\udebf Mantener la tierra siempre hu\u0301meda, OJO sin encharcarla, 1 vez por semana esta\u0301 perfecto. \u26c5 Un lugar en el cual no reciba luz directa es su espacio ideal. Tips: \ud83d\udca6Si\u2026","rel":"","context":"Entrada similar","img":{"alt_text":"","src":"https:\/\/i0.wp.com\/mygarden.mx\/wp-content\/uploads\/2021\/04\/IMG_1592.png?fit=1080%2C1080&ssl=1&resize=350%2C200","width":350,"height":200},"classes":[]},{"id":251,"url":"https:\/\/mygarden.mx\/index.php\/product\/calathea-triostar\/","url_meta":{"origin":239,"position":1},"title":"Calathea triostar","date":"13 de abril de 2021","format":false,"excerpt":"","rel":"","context":"Entrada similar","img":{"alt_text":"","src":"https:\/\/i0.wp.com\/mygarden.mx\/wp-content\/uploads\/2021\/04\/Calathea-triostar2.png?fit=900%2C1200&ssl=1&resize=350%2C200","width":350,"height":200},"classes":[]},{"id":2621,"url":"https:\/\/mygarden.mx\/index.php\/product\/calathea-triostar-ala-de-murcielago\/","url_meta":{"origin":239,"position":2},"title":"Calathea Triostar + Ala de murci\u00e9lago","date":"27 de febrero de 2022","format":false,"excerpt":"","rel":"","context":"Entrada similar","img":{"alt_text":"Promo Calathea + Ala","src":"https:\/\/i0.wp.com\/mygarden.mx\/wp-content\/uploads\/2022\/02\/IMG_0537.jpg?fit=1125%2C1116&ssl=1&resize=350%2C200","width":350,"height":200},"classes":[]},{"id":214,"url":"https:\/\/mygarden.mx\/index.php\/product\/hoja-elegante\/","url_meta":{"origin":239,"position":3},"title":"Hoja Elegante","date":"13 de abril de 2021","format":false,"excerpt":"Tama\u00f1o: Grande Hoja elegante \u2728 Planthija que sera\u0301 la mejor aliada para armonizar cualquier espacio de tu hogar por sus distintivas hojas largas y elegantes. Cuidados: \ud83d\udebf Mantener la tierra siempre hu\u0301meda, OJO sin encharcarla, 2 veces por semana esta\u0301 perfecto. \u26c5\ufe0f Un lugar en el cual no reciba luz\u2026","rel":"","context":"Con 1 comentario","img":{"alt_text":"","src":"https:\/\/i0.wp.com\/mygarden.mx\/wp-content\/uploads\/2021\/04\/Hoja-elegante.jpg?fit=1200%2C1200&ssl=1&resize=350%2C200","width":350,"height":200},"classes":[]},{"id":263,"url":"https:\/\/mygarden.mx\/index.php\/product\/hoja-alegante\/","url_meta":{"origin":239,"position":4},"title":"Hoja Elegante","date":"13 de abril de 2021","format":false,"excerpt":"","rel":"","context":"Entrada similar","img":{"alt_text":"","src":"https:\/\/i0.wp.com\/mygarden.mx\/wp-content\/uploads\/2021\/04\/Hoja-elegante-1.png?fit=675%2C1200&ssl=1&resize=350%2C200","width":350,"height":200},"classes":[]},{"id":158,"url":"https:\/\/mygarden.mx\/index.php\/product\/garra-de-leon\/","url_meta":{"origin":239,"position":5},"title":"Garra de le\u00f3n","date":"12 de abril de 2021","format":false,"excerpt":"Tama\u00f1o: Grande Garra de le\u00f3n \ud83e\udd81 \ud83d\udc49Es una planthija muy decorativa debido a sus grandes hojas de color verde medio brillante, que dan a la planta un aspecto tropical y ex\u00f3tico. Cuidados: \ud83d\udebf Permitir que el sustrato se seque antes de volver a regar. Reducir la frecuencia de riego durante\u2026","rel":"","context":"Entrada similar","img":{"alt_text":"","src":"https:\/\/i0.wp.com\/mygarden.mx\/wp-content\/uploads\/2021\/04\/Garra-de-leon-1.jpg?fit=960%2C1200&ssl=1&resize=350%2C200","width":350,"height":200},"classes":[]}],"_links":{"self":[{"href":"https:\/\/mygarden.mx\/index.php\/wp-json\/wp\/v2\/product\/239"}],"collection":[{"href":"https:\/\/mygarden.mx\/index.php\/wp-json\/wp\/v2\/product"}],"about":[{"href":"https:\/\/mygarden.mx\/index.php\/wp-json\/wp\/v2\/types\/product"}],"replies":[{"embeddable":true,"href":"https:\/\/mygarden.mx\/index.php\/wp-json\/wp\/v2\/comments?post=239"}],"wp:featuredmedia":[{"embeddable":true,"href":"https:\/\/mygarden.mx\/index.php\/wp-json\/wp\/v2\/media\/241"}],"wp:attachment":[{"href":"https:\/\/mygarden.mx\/index.php\/wp-json\/wp\/v2\/media?parent=239"}],"wp:term":[{"taxonomy":"product_cat","embeddable":true,"href":"https:\/\/mygarden.mx\/index.php\/wp-json\/wp\/v2\/product_cat?post=239"},{"taxonomy":"product_tag","embeddable":true,"href":"https:\/\/mygarden.mx\/index.php\/wp-json\/wp\/v2\/product_tag?post=239"}],"curies":[{"name":"wp","href":"https:\/\/api.w.org\/{rel}","templated":true}]}}