{"id":247,"date":"2021-04-13T15:48:38","date_gmt":"2021-04-13T15:48:38","guid":{"rendered":"https:\/\/mygarden.mx\/?post_type=product&#038;p=247"},"modified":"2023-04-25T05:29:47","modified_gmt":"2023-04-25T05:29:47","slug":"set-aromatico","status":"publish","type":"product","link":"https:\/\/mygarden.mx\/index.php\/product\/set-aromatico\/","title":{"rendered":"Set Arom\u00e1tico"},"content":{"rendered":"","protected":false},"excerpt":{"rendered":"<p>Set de plantas aroma\u0301ticas \ud83c\udf31<\/p>\n<p>Menta | Hierbabuena | Ruda | Manzanilla | Romero | Lavanda | Or\u00e9gano | Tomillo | Albahaca | Toronjil | Mejorana | Ceboll\u00edn | Cedr\u00f3n | Hinojo<\/p>\n<p>\ud83d\udc49 Ideal para aquellas personas que gustan de lo natural, pues este set de planthijas le da un toque de frescura a tus platillos y bebidas favoritas.<\/p>\n<p>Aunque tengamos poco espacio en el depa o casa, es posible encontrar una esquina cerca de la ventana o en la cocina con suficiente iluminacio\u0301n para tenerlas.<\/p>\n<p>Cuidados:<\/p>\n<p>\ud83d\udebf Regar cuando la tierra este seca<\/p>\n<p>\u2600\ufe0fUn lugar con mucho sol esta perfecto, aprovecha alguna ventana<\/p>\n<p>Tips:<\/p>\n<p>Modera los riegos para que no se encharquen.<\/p>\n<p>Puedes podarlas cuando este\u0301n desbordando para que crezcan hermosas y bellas de nuevo<\/p>\n<p>Maceta: Barro<\/p>\n","protected":false},"featured_media":248,"comment_status":"open","ping_status":"closed","template":"","meta":{"om_disable_all_campaigns":false,"_monsterinsights_skip_tracking":false,"_monsterinsights_sitenote_active":false,"_monsterinsights_sitenote_note":"","_monsterinsights_sitenote_category":0,"spay_email":""},"product_cat":[21],"product_tag":[],"class_list":["post-247","product","type-product","status-publish","has-post-thumbnail","hentry","product_cat-chica"],"jetpack-related-posts":[{"id":3269,"url":"https:\/\/mygarden.mx\/index.php\/product\/set-papa-e-hijx\/","url_meta":{"origin":247,"position":0},"title":"Set pap\u00e1 e hijx","date":"16 de junio de 2022","format":false,"excerpt":"Aprovecha y reg\u00e1lale a pap\u00e1 est\u00e9 incre\u00edble set\ud83d\udc9a \u00a1Regala planthijas, regala vida!","rel":"","context":"Entrada similar","img":{"alt_text":"Set pap\u00e1 e hijx","src":"https:\/\/i0.wp.com\/mygarden.mx\/wp-content\/uploads\/2022\/06\/B29A916C-867E-41BE-B0ED-0D94B55A70B1.jpg?fit=898%2C1200&ssl=1&resize=350%2C200","width":350,"height":200},"classes":[]},{"id":3276,"url":"https:\/\/mygarden.mx\/index.php\/product\/set-ninxs-con-banquita-ceramica\/","url_meta":{"origin":247,"position":1},"title":"Set ni\u00f1xs con banquita cer\u00e1mica","date":"16 de junio de 2022","format":false,"excerpt":"Set ni\u00f1xs + banquita cer\u00e1mica. \ud83d\udc49 El set incluye 2 ni\u00f1xs de cer\u00e1mica con banquita del mismo material. Puedes personalizar el color a tu gusto.","rel":"","context":"Entrada similar","img":{"alt_text":"Mu\u00f1ecos cer\u00e1mica","src":"https:\/\/i0.wp.com\/mygarden.mx\/wp-content\/uploads\/2022\/06\/8F566EE1-1CFA-49DB-AB07-52FD004E8E5B.jpg?fit=675%2C1200&ssl=1&resize=350%2C200","width":350,"height":200},"classes":[]},{"id":90,"url":"https:\/\/mygarden.mx\/index.php\/product\/set-origami\/","url_meta":{"origin":247,"position":2},"title":"Set Origami","date":"12 de abril de 2021","format":false,"excerpt":"Set Origami Barro \u00a1Selecciona el color de tu preferencia! Material: Barro","rel":"","context":"Entrada similar","img":{"alt_text":"","src":"https:\/\/i0.wp.com\/mygarden.mx\/wp-content\/uploads\/2021\/04\/Set-origami1.png?fit=1200%2C1200&ssl=1&resize=350%2C200","width":350,"height":200},"classes":[]},{"id":3047,"url":"https:\/\/mygarden.mx\/index.php\/product\/set-mama-e-hijx\/","url_meta":{"origin":247,"position":3},"title":"Set mam\u00e1 e hijx","date":"23 de abril de 2022","format":false,"excerpt":"Este\u00a0#10demayo\u00a0regala vida en forma de\u00a0#planthijas\u00a0\ud83e\udeb4 y haz feliz a\u00a0#mam\u00e1\u00a0\ud83d\udc95. Dale a mam\u00e1 este incre\u00edble set\u00a0 \ud83e\udd29 \ud83d\udc49\ud83c\udffb El set incluye 3 macetas: mam\u00e1, hijx y macetita de manos con piedras decorativas. Son de cer\u00e1mica. \ud83d\udc49\ud83c\udffbLas planthijas son ideales para interiores.","rel":"","context":"Entrada similar","img":{"alt_text":"Regalo 10 de mayo","src":"https:\/\/i0.wp.com\/mygarden.mx\/wp-content\/uploads\/2022\/04\/WhatsApp-Image-2022-04-22-at-9.34.07-PM.jpeg?fit=900%2C1200&ssl=1&resize=350%2C200","width":350,"height":200},"classes":[]},{"id":3055,"url":"https:\/\/mygarden.mx\/index.php\/product\/set-humanitas-embarazadas\/","url_meta":{"origin":247,"position":4},"title":"Set humanitas embarazadas","date":"24 de abril de 2022","format":false,"excerpt":"Psss, pssss\u2026 \u00bfya tienes tu regalo para este #10demayo?\ud83e\udd14 Si a\u00fan no tienes idea qu\u00e9 regalarle a\u00a0#mam\u00e1, date una vuelta por nuestro perfil y descubre las planthijas que tenemos listas para este\u00a0#diadelasmadres\u00a0\ud83d\udc95 \u00a1Regala\u00a0#planthijas, regala vida!\ud83e\udeb4\ud83d\udc9a \ud83d\udc49\ud83c\udffb Ll\u00e9vate estos 2 humanitxs por 450 MXN, el precio incluye 2 macetas de humanitas\u2026","rel":"","context":"Entrada similar","img":{"alt_text":"Humanitas embarazadas","src":"https:\/\/i0.wp.com\/mygarden.mx\/wp-content\/uploads\/2022\/04\/C1DC7D3D-ED12-4569-865A-F2A2E7574D24.jpg?fit=675%2C1200&ssl=1&resize=350%2C200","width":350,"height":200},"classes":[]},{"id":3107,"url":"https:\/\/mygarden.mx\/index.php\/product\/set-3-humanitxs\/","url_meta":{"origin":247,"position":5},"title":"Set 3 ni\u00f1xs","date":"24 de abril de 2022","format":false,"excerpt":"Psss, pssss\u2026 \u00bfya tienes tu regalo para este\u00a0#10demayo?\ud83e\udd14 Si a\u00fan no tienes idea qu\u00e9 regalarle a\u00a0#mam\u00e1, date una vuelta por nuestro perfil y descubre las planthijas que tenemos listas para este\u00a0#diadelasmadres\u00a0\ud83d\udc95 \u00a1Regala\u00a0#planthijas, regala vida!\ud83e\udeb4\ud83d\udc9a \ud83d\udc49\ud83c\udffb Ll\u00e9vate estos 3 humanitxs por 550 MXN, el precio incluye 3 macetas + 3 planthijas.\u2026","rel":"","context":"Entrada similar","img":{"alt_text":"Macetas cer\u00e1mica","src":"https:\/\/i0.wp.com\/mygarden.mx\/wp-content\/uploads\/2022\/04\/2A003AD9-39CE-47B0-80EF-2EC5C5288BF7.jpg?fit=675%2C1200&ssl=1&resize=350%2C200","width":350,"height":200},"classes":[]}],"_links":{"self":[{"href":"https:\/\/mygarden.mx\/index.php\/wp-json\/wp\/v2\/product\/247"}],"collection":[{"href":"https:\/\/mygarden.mx\/index.php\/wp-json\/wp\/v2\/product"}],"about":[{"href":"https:\/\/mygarden.mx\/index.php\/wp-json\/wp\/v2\/types\/product"}],"replies":[{"embeddable":true,"href":"https:\/\/mygarden.mx\/index.php\/wp-json\/wp\/v2\/comments?post=247"}],"wp:featuredmedia":[{"embeddable":true,"href":"https:\/\/mygarden.mx\/index.php\/wp-json\/wp\/v2\/media\/248"}],"wp:attachment":[{"href":"https:\/\/mygarden.mx\/index.php\/wp-json\/wp\/v2\/media?parent=247"}],"wp:term":[{"taxonomy":"product_cat","embeddable":true,"href":"https:\/\/mygarden.mx\/index.php\/wp-json\/wp\/v2\/product_cat?post=247"},{"taxonomy":"product_tag","embeddable":true,"href":"https:\/\/mygarden.mx\/index.php\/wp-json\/wp\/v2\/product_tag?post=247"}],"curies":[{"name":"wp","href":"https:\/\/api.w.org\/{rel}","templated":true}]}}