{"id":270,"date":"2021-04-13T16:15:42","date_gmt":"2021-04-13T16:15:42","guid":{"rendered":"https:\/\/mygarden.mx\/?post_type=product&#038;p=270"},"modified":"2021-04-13T16:18:46","modified_gmt":"2021-04-13T16:18:46","slug":"moneda","status":"publish","type":"product","link":"https:\/\/mygarden.mx\/index.php\/product\/moneda\/","title":{"rendered":"Moneda"},"content":{"rendered":"","protected":false},"excerpt":{"rendered":"","protected":false},"featured_media":271,"comment_status":"open","ping_status":"closed","template":"","meta":{"om_disable_all_campaigns":false,"_monsterinsights_skip_tracking":false,"_monsterinsights_sitenote_active":false,"_monsterinsights_sitenote_note":"","_monsterinsights_sitenote_category":0,"spay_email":""},"product_cat":[25],"product_tag":[],"class_list":["post-270","product","type-product","status-publish","has-post-thumbnail","hentry","product_cat-chica-planthijas"],"jetpack-related-posts":[{"id":461,"url":"https:\/\/mygarden.mx\/index.php\/product\/cabezota-con-peluca\/","url_meta":{"origin":270,"position":0},"title":"Cabezota con \u00c1lamo","date":"13 de abril de 2021","format":false,"excerpt":"Tama\u00f1o: Mediana Mi amigx con peluca. \u00c1lamo\ud83c\udf31 \ud83d\udc49Planta de la familia de las suculentas, cabali\u0301stica por su amplio follaje que puede llegar a asemejar una peluca, de ahi\u0301 que muchos la conozcan como moneda. \ud83e\udd17 Cuidados: \ud83d\udebf Mantener la tierra siempre hu\u0301meda, OJO sin encharcarla. 2-3 veces por semana esta\u0301\u2026","rel":"","context":"Entrada similar","img":{"alt_text":"Cabezota con \u00e1lamo","src":"https:\/\/i0.wp.com\/mygarden.mx\/wp-content\/uploads\/2021\/09\/Alamo.jpg?fit=677%2C822&ssl=1&resize=350%2C200","width":350,"height":200},"classes":[]}],"_links":{"self":[{"href":"https:\/\/mygarden.mx\/index.php\/wp-json\/wp\/v2\/product\/270"}],"collection":[{"href":"https:\/\/mygarden.mx\/index.php\/wp-json\/wp\/v2\/product"}],"about":[{"href":"https:\/\/mygarden.mx\/index.php\/wp-json\/wp\/v2\/types\/product"}],"replies":[{"embeddable":true,"href":"https:\/\/mygarden.mx\/index.php\/wp-json\/wp\/v2\/comments?post=270"}],"wp:featuredmedia":[{"embeddable":true,"href":"https:\/\/mygarden.mx\/index.php\/wp-json\/wp\/v2\/media\/271"}],"wp:attachment":[{"href":"https:\/\/mygarden.mx\/index.php\/wp-json\/wp\/v2\/media?parent=270"}],"wp:term":[{"taxonomy":"product_cat","embeddable":true,"href":"https:\/\/mygarden.mx\/index.php\/wp-json\/wp\/v2\/product_cat?post=270"},{"taxonomy":"product_tag","embeddable":true,"href":"https:\/\/mygarden.mx\/index.php\/wp-json\/wp\/v2\/product_tag?post=270"}],"curies":[{"name":"wp","href":"https:\/\/api.w.org\/{rel}","templated":true}]}}