{"id":273,"date":"2021-04-13T16:19:06","date_gmt":"2021-04-13T16:19:06","guid":{"rendered":"https:\/\/mygarden.mx\/?post_type=product&#038;p=273"},"modified":"2021-10-19T17:47:24","modified_gmt":"2021-10-19T17:47:24","slug":"palo-de-brasil","status":"publish","type":"product","link":"https:\/\/mygarden.mx\/index.php\/product\/palo-de-brasil\/","title":{"rendered":"Palo de Brasil"},"content":{"rendered":"","protected":false},"excerpt":{"rendered":"","protected":false},"featured_media":274,"comment_status":"open","ping_status":"closed","template":"","meta":{"om_disable_all_campaigns":false,"_monsterinsights_skip_tracking":false,"_monsterinsights_sitenote_active":false,"_monsterinsights_sitenote_note":"","_monsterinsights_sitenote_category":0,"spay_email":""},"product_cat":[26],"product_tag":[],"class_list":["post-273","product","type-product","status-publish","has-post-thumbnail","hentry","product_cat-mediana-planthijas"],"jetpack-related-posts":[{"id":458,"url":"https:\/\/mygarden.mx\/index.php\/product\/cabezota-con-palo-de-brasil-2\/","url_meta":{"origin":273,"position":0},"title":"Cabezota con Palo de Brasil","date":"13 de abril de 2021","format":false,"excerpt":"Tama\u00f1o: Mediana Cabezota con Palo de Brasil \ud83c\udf31 Planthija tanto de interiores como exteriores, es fa\u0301cil de cuidar y adema\u0301s de tiene la propiedad de absorber la humedad del ambiente para limpiar el aire, por lo que resulta beneficiosa para la salud. Cuidados: \ud83d\udebf La frecuencia de riego depende en\u2026","rel":"","context":"Entrada similar","img":{"alt_text":"","src":"https:\/\/i0.wp.com\/mygarden.mx\/wp-content\/uploads\/2021\/04\/IMG_1146.png?fit=900%2C1200&ssl=1&resize=350%2C200","width":350,"height":200},"classes":[]},{"id":158,"url":"https:\/\/mygarden.mx\/index.php\/product\/garra-de-leon\/","url_meta":{"origin":273,"position":1},"title":"Garra de le\u00f3n","date":"12 de abril de 2021","format":false,"excerpt":"Tama\u00f1o: Grande Garra de le\u00f3n \ud83e\udd81 \ud83d\udc49Es una planthija muy decorativa debido a sus grandes hojas de color verde medio brillante, que dan a la planta un aspecto tropical y ex\u00f3tico. Cuidados: \ud83d\udebf Permitir que el sustrato se seque antes de volver a regar. Reducir la frecuencia de riego durante\u2026","rel":"","context":"Entrada similar","img":{"alt_text":"","src":"https:\/\/i0.wp.com\/mygarden.mx\/wp-content\/uploads\/2021\/04\/Garra-de-leon-1.jpg?fit=960%2C1200&ssl=1&resize=350%2C200","width":350,"height":200},"classes":[]},{"id":219,"url":"https:\/\/mygarden.mx\/index.php\/product\/monstera-deliciosa\/","url_meta":{"origin":273,"position":2},"title":"Monstera Deliciosa","date":"13 de abril de 2021","format":false,"excerpt":"Tama\u00f1o: Grande Monstera deliciosa \ud83e\udd24 \ud83d\udc49Planthija conocida por sus grandes hojas con hendiduras que le ayudan a liberar estre\u0301s. Lo impresionante de esta planthija es que puede llevarla a casa cuando recie\u0301n es un tallo chico y verla crecer hasta convertirse en una gigante de metros de altura. Cuidados: \ud83c\udf24\u2026","rel":"","context":"Entrada similar","img":{"alt_text":"","src":"https:\/\/i0.wp.com\/mygarden.mx\/wp-content\/uploads\/2021\/04\/Monstera-principal.jpg?fit=548%2C821&ssl=1&resize=350%2C200","width":350,"height":200},"classes":[]},{"id":223,"url":"https:\/\/mygarden.mx\/index.php\/product\/baby-monstera\/","url_meta":{"origin":273,"position":3},"title":"Baby Monstera","date":"13 de abril de 2021","format":false,"excerpt":"Tama\u00f1o: Chica Monstera deliciosa \ud83e\udd24 \ud83d\udc49Planthija conocida por sus grandes hojas con hendiduras que le ayudan a liberar estre\u0301s. Lo impresionante de esta planthija es que puede llevarla a casa cuando recie\u0301n es un tallo chico y verla crecer hasta convertirse en una gigante de metros de altura. Cuidados: \ud83c\udf24\u2026","rel":"","context":"Entrada similar","img":{"alt_text":"","src":"https:\/\/i0.wp.com\/mygarden.mx\/wp-content\/uploads\/2021\/04\/Baby-monstera1.png?fit=900%2C1200&ssl=1&resize=350%2C200","width":350,"height":200},"classes":[]}],"_links":{"self":[{"href":"https:\/\/mygarden.mx\/index.php\/wp-json\/wp\/v2\/product\/273"}],"collection":[{"href":"https:\/\/mygarden.mx\/index.php\/wp-json\/wp\/v2\/product"}],"about":[{"href":"https:\/\/mygarden.mx\/index.php\/wp-json\/wp\/v2\/types\/product"}],"replies":[{"embeddable":true,"href":"https:\/\/mygarden.mx\/index.php\/wp-json\/wp\/v2\/comments?post=273"}],"wp:featuredmedia":[{"embeddable":true,"href":"https:\/\/mygarden.mx\/index.php\/wp-json\/wp\/v2\/media\/274"}],"wp:attachment":[{"href":"https:\/\/mygarden.mx\/index.php\/wp-json\/wp\/v2\/media?parent=273"}],"wp:term":[{"taxonomy":"product_cat","embeddable":true,"href":"https:\/\/mygarden.mx\/index.php\/wp-json\/wp\/v2\/product_cat?post=273"},{"taxonomy":"product_tag","embeddable":true,"href":"https:\/\/mygarden.mx\/index.php\/wp-json\/wp\/v2\/product_tag?post=273"}],"curies":[{"name":"wp","href":"https:\/\/api.w.org\/{rel}","templated":true}]}}