{"id":2960,"date":"2022-03-15T02:09:08","date_gmt":"2022-03-15T02:09:08","guid":{"rendered":"https:\/\/mygarden.mx\/?post_type=product&#038;p=2960"},"modified":"2023-04-17T14:32:43","modified_gmt":"2023-04-17T14:32:43","slug":"promo-humanitxs","status":"publish","type":"product","link":"https:\/\/mygarden.mx\/index.php\/product\/promo-humanitxs\/","title":{"rendered":"Promoci\u00f3n humanitxs"},"content":{"rendered":"<p>Aprovecha esta incre\u00edble promoci\u00f3n que tenemos para ti y lleva a casa o a la oficina estxs incre\u00edbles compa\u00f1erxs.<\/p>\n<p>2 x 600 MXN<\/p>\n<p>Pueden ser del mismo o diferente modelo.<\/p>\n","protected":false},"excerpt":{"rendered":"<p>Aprovecha esta incre\u00edble promoci\u00f3n que tenemos para ti y lleva a casa o a la oficina estxs incre\u00edbles compa\u00f1erxs. 2 x 600 MXN Pueden ser del mismo o diferente modelo.<\/p>\n","protected":false},"featured_media":2220,"comment_status":"open","ping_status":"closed","template":"","meta":{"om_disable_all_campaigns":false,"_monsterinsights_skip_tracking":false,"_monsterinsights_sitenote_active":false,"_monsterinsights_sitenote_note":"","_monsterinsights_sitenote_category":0,"spay_email":""},"product_cat":[21],"product_tag":[37],"class_list":["post-2960","product","type-product","status-publish","has-post-thumbnail","hentry","product_cat-chica","product_tag-humanitxs"],"jetpack-related-posts":[{"id":2968,"url":"https:\/\/mygarden.mx\/index.php\/product\/promocion-cabezotas-2\/","url_meta":{"origin":2960,"position":0},"title":"Promoci\u00f3n cabezotas","date":"15 de marzo de 2022","format":false,"excerpt":"\u00a1Plantlovers! Estamos s\u00faper felices porque por primera vez traemos esta incre\u00edble #promoci\u00f3n\u00a0para ustedes \ud83d\udc9a y es que sabemos que la cabezota es la maceta favorita de la comunidad de\u00a0#mygardenmx 1 x 499 MXN o 2x800 MXN (incluye planthijas)","rel":"","context":"Entrada similar","img":{"alt_text":"Maceras en forma de cabeza","src":"https:\/\/i0.wp.com\/mygarden.mx\/wp-content\/uploads\/2022\/03\/2X900-cabezotas.png?fit=1080%2C1080&ssl=1&resize=350%2C200","width":350,"height":200},"classes":[]},{"id":3273,"url":"https:\/\/mygarden.mx\/index.php\/product\/planthija-colgante-con-macrame\/","url_meta":{"origin":2960,"position":1},"title":"Planthija colgante con macram\u00e9","date":"16 de junio de 2022","format":false,"excerpt":"Colgante macram\u00e9 con incre\u00edble dise\u00f1o + maceta bule con olitas + planthija colgante = \ud83d\udc9a Armamos este incre\u00edble set para ti\u2728 Puedes elegir la planthija colgante entre esqueleto y tel\u00e9fono, ambas son ideales para interiores y sin duda van a dar vida a cualquier lugar.","rel":"","context":"Entrada similar","img":{"alt_text":"Esqueleto colgante con macram\u00e9","src":"https:\/\/i0.wp.com\/mygarden.mx\/wp-content\/uploads\/2022\/06\/IMG_2906-1-scaled.jpg?fit=548%2C1200&ssl=1&resize=350%2C200","width":350,"height":200},"classes":[]},{"id":3269,"url":"https:\/\/mygarden.mx\/index.php\/product\/set-papa-e-hijx\/","url_meta":{"origin":2960,"position":2},"title":"Set pap\u00e1 e hijx","date":"16 de junio de 2022","format":false,"excerpt":"Aprovecha y reg\u00e1lale a pap\u00e1 est\u00e9 incre\u00edble set\ud83d\udc9a \u00a1Regala planthijas, regala vida!","rel":"","context":"Entrada similar","img":{"alt_text":"Set pap\u00e1 e hijx","src":"https:\/\/i0.wp.com\/mygarden.mx\/wp-content\/uploads\/2022\/06\/B29A916C-867E-41BE-B0ED-0D94B55A70B1.jpg?fit=898%2C1200&ssl=1&resize=350%2C200","width":350,"height":200},"classes":[]},{"id":3047,"url":"https:\/\/mygarden.mx\/index.php\/product\/set-mama-e-hijx\/","url_meta":{"origin":2960,"position":3},"title":"Set mam\u00e1 e hijx","date":"23 de abril de 2022","format":false,"excerpt":"Este\u00a0#10demayo\u00a0regala vida en forma de\u00a0#planthijas\u00a0\ud83e\udeb4 y haz feliz a\u00a0#mam\u00e1\u00a0\ud83d\udc95. Dale a mam\u00e1 este incre\u00edble set\u00a0 \ud83e\udd29 \ud83d\udc49\ud83c\udffb El set incluye 3 macetas: mam\u00e1, hijx y macetita de manos con piedras decorativas. Son de cer\u00e1mica. \ud83d\udc49\ud83c\udffbLas planthijas son ideales para interiores.","rel":"","context":"Entrada similar","img":{"alt_text":"Regalo 10 de mayo","src":"https:\/\/i0.wp.com\/mygarden.mx\/wp-content\/uploads\/2022\/04\/WhatsApp-Image-2022-04-22-at-9.34.07-PM.jpeg?fit=900%2C1200&ssl=1&resize=350%2C200","width":350,"height":200},"classes":[]},{"id":3268,"url":"https:\/\/mygarden.mx\/index.php\/product\/maceton-con-telefono\/","url_meta":{"origin":2960,"position":4},"title":"Macet\u00f3n con tel\u00e9fono","date":"16 de junio de 2022","format":false,"excerpt":"\u00a1Ll\u00e9vate a casa est\u00e1 incre\u00edble maceta!\ud83d\udc9a Decidimos ponerle macet\u00f3n a este maceta y nada mejor que acompa\u00f1arla con un tel\u00e9fono. Tel\u00e9fono colgante (Potus) \ud83d\udcde \ud83d\udc49 Platnthija colgante eficaz contra la contaminaci\u00f3n ambiental en interiores ya que ayuda a purificar el ambiente. Cuidados: \ud83d\udebf Regar solo cuando el sustrato est\u00e9 seco.\u2026","rel":"","context":"Entrada similar","img":{"alt_text":"Macet\u00f3n con tel\u00e9fono","src":"https:\/\/i0.wp.com\/mygarden.mx\/wp-content\/uploads\/2022\/06\/1A567462-96DC-4AA8-ACDA-1A9AF2F0E6DB.jpg?fit=675%2C1200&ssl=1&resize=350%2C200","width":350,"height":200},"classes":[]}],"_links":{"self":[{"href":"https:\/\/mygarden.mx\/index.php\/wp-json\/wp\/v2\/product\/2960"}],"collection":[{"href":"https:\/\/mygarden.mx\/index.php\/wp-json\/wp\/v2\/product"}],"about":[{"href":"https:\/\/mygarden.mx\/index.php\/wp-json\/wp\/v2\/types\/product"}],"replies":[{"embeddable":true,"href":"https:\/\/mygarden.mx\/index.php\/wp-json\/wp\/v2\/comments?post=2960"}],"wp:featuredmedia":[{"embeddable":true,"href":"https:\/\/mygarden.mx\/index.php\/wp-json\/wp\/v2\/media\/2220"}],"wp:attachment":[{"href":"https:\/\/mygarden.mx\/index.php\/wp-json\/wp\/v2\/media?parent=2960"}],"wp:term":[{"taxonomy":"product_cat","embeddable":true,"href":"https:\/\/mygarden.mx\/index.php\/wp-json\/wp\/v2\/product_cat?post=2960"},{"taxonomy":"product_tag","embeddable":true,"href":"https:\/\/mygarden.mx\/index.php\/wp-json\/wp\/v2\/product_tag?post=2960"}],"curies":[{"name":"wp","href":"https:\/\/api.w.org\/{rel}","templated":true}]}}