{"id":2968,"date":"2022-03-15T02:44:00","date_gmt":"2022-03-15T02:44:00","guid":{"rendered":"https:\/\/mygarden.mx\/?post_type=product&#038;p=2968"},"modified":"2023-10-20T17:06:12","modified_gmt":"2023-10-20T17:06:12","slug":"promocion-cabezotas-2","status":"publish","type":"product","link":"https:\/\/mygarden.mx\/index.php\/product\/promocion-cabezotas-2\/","title":{"rendered":"Promoci\u00f3n cabezotas"},"content":{"rendered":"<p>\u00a1Plantlovers! Estamos s\u00faper felices porque por primera vez traemos esta incre\u00edble <a class=\" xil3i\" tabindex=\"0\" href=\"https:\/\/www.instagram.com\/explore\/tags\/promoci%C3%B3n\/\">#promoci\u00f3n<\/a>\u00a0para ustedes \ud83d\udc9a y es que sabemos que la cabezota es la maceta favorita de la comunidad de\u00a0<a class=\" xil3i\" tabindex=\"0\" href=\"https:\/\/www.instagram.com\/explore\/tags\/mygardenmx\/\">#mygardenmx<\/a><br \/>\n1 x 499 MXN o 2&#215;800 MXN (incluye planthijas)<\/p>\n","protected":false},"excerpt":{"rendered":"<p>\u00a1Plantlovers! Estamos s\u00faper felices porque por primera vez traemos esta incre\u00edble #promoci\u00f3n\u00a0para ustedes \ud83d\udc9a y es que sabemos que la cabezota es la maceta favorita de la comunidad de\u00a0#mygardenmx 1 x 499 MXN o 2&#215;800 MXN (incluye planthijas)<\/p>\n","protected":false},"featured_media":4137,"comment_status":"open","ping_status":"closed","template":"","meta":{"om_disable_all_campaigns":false,"_monsterinsights_skip_tracking":false,"_monsterinsights_sitenote_active":false,"_monsterinsights_sitenote_note":"","_monsterinsights_sitenote_category":0,"spay_email":""},"product_cat":[20],"product_tag":[45,34],"class_list":["post-2968","product","type-product","status-publish","has-post-thumbnail","hentry","product_cat-mediana-planthijamaceta","product_tag-cabeza-africana","product_tag-cabezotas"],"jetpack-related-posts":[{"id":1097,"url":"https:\/\/mygarden.mx\/index.php\/product\/cabezota-con-nochebuena\/","url_meta":{"origin":2968,"position":0},"title":"Cabezota con Nochebuena","date":"17 de noviembre de 2021","format":false,"excerpt":"Las Nochebuenas llegaron a\u00a0#mygardenmx\u00a0\ud83d\udc9a acompa\u00f1adas de nuestras distintivas cabezotas \ud83e\udd29 Ya sea para decorar tu centro de mesa, tu arbolito de navidad o como regalo especial, es el regalo idea para esta temporada. \u00a1Pide la tuya antes de que se acaben! Y recuerda que la navidad ya est\u00e1 a la\u2026","rel":"","context":"Con 1 comentario","img":{"alt_text":"Cabezota con Nochebuena","src":"https:\/\/i0.wp.com\/mygarden.mx\/wp-content\/uploads\/2021\/11\/WhatsApp-Image-2021-11-15-at-10.27.59.jpeg?fit=1080%2C1080&ssl=1&resize=350%2C200","width":350,"height":200},"classes":[]},{"id":2960,"url":"https:\/\/mygarden.mx\/index.php\/product\/promo-humanitxs\/","url_meta":{"origin":2968,"position":1},"title":"Promoci\u00f3n humanitxs","date":"15 de marzo de 2022","format":false,"excerpt":"Aprovecha esta incre\u00edble promoci\u00f3n que tenemos para ti y lleva a casa o a la oficina estxs incre\u00edbles compa\u00f1erxs. 2 x 600 MXN Pueden ser del mismo o diferente modelo.","rel":"","context":"Con 1 comentario","img":{"alt_text":"Promoci\u00f3n humanitxs","src":"https:\/\/i0.wp.com\/mygarden.mx\/wp-content\/uploads\/2021\/07\/Agregar-un-subtitulo-1.png?fit=1080%2C1080&ssl=1&resize=350%2C200","width":350,"height":200},"classes":[]},{"id":41,"url":"https:\/\/mygarden.mx\/index.php\/product\/cabezota\/","url_meta":{"origin":2968,"position":2},"title":"Cabezota","date":"12 de abril de 2021","format":false,"excerpt":"Cabezota \u00a1Selecciona el color de tu preferencia! Medidas: 39 cm altura x 19 cm ancho Material: Barro","rel":"","context":"Entrada similar","img":{"alt_text":"Maceta cabeza","src":"https:\/\/i0.wp.com\/mygarden.mx\/wp-content\/uploads\/2023\/06\/2.png?fit=1200%2C1200&ssl=1&resize=350%2C200","width":350,"height":200},"classes":[]},{"id":1019,"url":"https:\/\/mygarden.mx\/index.php\/product\/cabezota-con-esqueleto\/","url_meta":{"origin":2968,"position":3},"title":"Cabezota con esqueleto","date":"6 de octubre de 2021","format":false,"excerpt":"Esqueleto o Monstera Adansonii\ud83d\udc80 \u00a0","rel":"","context":"Entrada similar","img":{"alt_text":"Cabezota con Monstera","src":"https:\/\/i0.wp.com\/mygarden.mx\/wp-content\/uploads\/2021\/10\/2.jpg?fit=888%2C1024&ssl=1&resize=350%2C200","width":350,"height":200},"classes":[]},{"id":467,"url":"https:\/\/mygarden.mx\/index.php\/product\/cabezota-con-2-corazones-en-un-hilo\/","url_meta":{"origin":2968,"position":4},"title":"Cabezota con 2 Corazones en un Hilo","date":"13 de abril de 2021","format":false,"excerpt":"Tama\u00f1o: Mediana Cabezota con 2 corazones en un hilo (Ceropegia woodii) \ud83d\udc95 \ud83d\udc49 Tipo de suculenta colgante que puede alcanzar un largo impresionante. Sus hojitas tienen la forma de corazones que cuelgan de un hilo. Cuidados: \ud83d\udebf Regar solo cuando el sustrato est\u00e9 seco. \u2600\ufe0f Colocar en resolana, evitando el\u2026","rel":"","context":"Entrada similar","img":{"alt_text":"","src":"https:\/\/i0.wp.com\/mygarden.mx\/wp-content\/uploads\/2021\/04\/Cabezotas-con-2-corazones.jpg?fit=960%2C1200&ssl=1&resize=350%2C200","width":350,"height":200},"classes":[]},{"id":792,"url":"https:\/\/mygarden.mx\/index.php\/product\/cabezota-con-calathea-triostar\/","url_meta":{"origin":2968,"position":5},"title":"Cabezota con Calathea Triostar","date":"22 de abril de 2021","format":false,"excerpt":"Calathea triostar \ud83e\udd9a Stroamanthe triostar tambie\u0301n conocida como \"Calathea triostar\" o \"pavo real\" debido a sus coloridas hojas. Cuidados: \ud83d\udebf Mantener la tierra siempre hu\u0301meda, OJO sin encharcarla, 1 vez por semana esta\u0301 perfecto. \u26c5 Un lugar en el cual no reciba luz directa es su espacio ideal. Tips: \ud83d\udca6Si\u2026","rel":"","context":"Entrada similar","img":{"alt_text":"","src":"https:\/\/i0.wp.com\/mygarden.mx\/wp-content\/uploads\/2021\/04\/IMG_1592.png?fit=1080%2C1080&ssl=1&resize=350%2C200","width":350,"height":200},"classes":[]}],"_links":{"self":[{"href":"https:\/\/mygarden.mx\/index.php\/wp-json\/wp\/v2\/product\/2968"}],"collection":[{"href":"https:\/\/mygarden.mx\/index.php\/wp-json\/wp\/v2\/product"}],"about":[{"href":"https:\/\/mygarden.mx\/index.php\/wp-json\/wp\/v2\/types\/product"}],"replies":[{"embeddable":true,"href":"https:\/\/mygarden.mx\/index.php\/wp-json\/wp\/v2\/comments?post=2968"}],"wp:featuredmedia":[{"embeddable":true,"href":"https:\/\/mygarden.mx\/index.php\/wp-json\/wp\/v2\/media\/4137"}],"wp:attachment":[{"href":"https:\/\/mygarden.mx\/index.php\/wp-json\/wp\/v2\/media?parent=2968"}],"wp:term":[{"taxonomy":"product_cat","embeddable":true,"href":"https:\/\/mygarden.mx\/index.php\/wp-json\/wp\/v2\/product_cat?post=2968"},{"taxonomy":"product_tag","embeddable":true,"href":"https:\/\/mygarden.mx\/index.php\/wp-json\/wp\/v2\/product_tag?post=2968"}],"curies":[{"name":"wp","href":"https:\/\/api.w.org\/{rel}","templated":true}]}}