{"id":3107,"date":"2022-04-24T20:34:34","date_gmt":"2022-04-24T20:34:34","guid":{"rendered":"https:\/\/mygarden.mx\/?post_type=product&#038;p=3107"},"modified":"2023-05-17T20:20:15","modified_gmt":"2023-05-17T20:20:15","slug":"set-3-humanitxs","status":"publish","type":"product","link":"https:\/\/mygarden.mx\/index.php\/product\/set-3-humanitxs\/","title":{"rendered":"Set 3 ni\u00f1xs"},"content":{"rendered":"","protected":false},"excerpt":{"rendered":"<p>Psss, pssss\u2026 \u00bfya tienes tu regalo para este\u00a0<a class=\" xil3i\" tabindex=\"0\" href=\"https:\/\/www.instagram.com\/explore\/tags\/10demayo\/\">#10demayo<\/a>?\ud83e\udd14<\/p>\n<p>Si a\u00fan no tienes idea qu\u00e9 regalarle a\u00a0<a class=\" xil3i\" tabindex=\"0\" href=\"https:\/\/www.instagram.com\/explore\/tags\/mam%C3%A1\/\">#mam\u00e1<\/a>, date una vuelta por nuestro perfil y descubre las planthijas que tenemos listas para este\u00a0<a class=\" xil3i\" tabindex=\"0\" href=\"https:\/\/www.instagram.com\/explore\/tags\/diadelasmadres\/\">#diadelasmadres<\/a>\u00a0\ud83d\udc95<\/p>\n<p>\u00a1Regala\u00a0<a class=\" xil3i\" tabindex=\"0\" href=\"https:\/\/www.instagram.com\/explore\/tags\/planthijas\/\">#planthijas<\/a>, regala vida!\ud83e\udeb4\ud83d\udc9a<\/p>\n<p>\ud83d\udc49\ud83c\udffb Ll\u00e9vate estos 3 humanitxs por 550 MXN, el precio incluye 3 macetas + 3 planthijas.<br \/>\n.<\/p>\n","protected":false},"featured_media":3109,"comment_status":"open","ping_status":"closed","template":"","meta":{"om_disable_all_campaigns":false,"_monsterinsights_skip_tracking":false,"_monsterinsights_sitenote_active":false,"_monsterinsights_sitenote_note":"","_monsterinsights_sitenote_category":0,"spay_email":""},"product_cat":[21],"product_tag":[32,37],"class_list":["post-3107","product","type-product","status-publish","has-post-thumbnail","hentry","product_cat-chica","product_tag-ceramica","product_tag-humanitxs"],"jetpack-related-posts":[{"id":3047,"url":"https:\/\/mygarden.mx\/index.php\/product\/set-mama-e-hijx\/","url_meta":{"origin":3107,"position":0},"title":"Set mam\u00e1 e hijx","date":"23 de abril de 2022","format":false,"excerpt":"Este\u00a0#10demayo\u00a0regala vida en forma de\u00a0#planthijas\u00a0\ud83e\udeb4 y haz feliz a\u00a0#mam\u00e1\u00a0\ud83d\udc95. Dale a mam\u00e1 este incre\u00edble set\u00a0 \ud83e\udd29 \ud83d\udc49\ud83c\udffb El set incluye 3 macetas: mam\u00e1, hijx y macetita de manos con piedras decorativas. Son de cer\u00e1mica. \ud83d\udc49\ud83c\udffbLas planthijas son ideales para interiores.","rel":"","context":"Entrada similar","img":{"alt_text":"Regalo 10 de mayo","src":"https:\/\/i0.wp.com\/mygarden.mx\/wp-content\/uploads\/2022\/04\/WhatsApp-Image-2022-04-22-at-9.34.07-PM.jpeg?fit=900%2C1200&ssl=1&resize=350%2C200","width":350,"height":200},"classes":[]},{"id":3055,"url":"https:\/\/mygarden.mx\/index.php\/product\/set-humanitas-embarazadas\/","url_meta":{"origin":3107,"position":1},"title":"Set humanitas embarazadas","date":"24 de abril de 2022","format":false,"excerpt":"Psss, pssss\u2026 \u00bfya tienes tu regalo para este #10demayo?\ud83e\udd14 Si a\u00fan no tienes idea qu\u00e9 regalarle a\u00a0#mam\u00e1, date una vuelta por nuestro perfil y descubre las planthijas que tenemos listas para este\u00a0#diadelasmadres\u00a0\ud83d\udc95 \u00a1Regala\u00a0#planthijas, regala vida!\ud83e\udeb4\ud83d\udc9a \ud83d\udc49\ud83c\udffb Ll\u00e9vate estos 2 humanitxs por 450 MXN, el precio incluye 2 macetas de humanitas\u2026","rel":"","context":"Entrada similar","img":{"alt_text":"Humanitas embarazadas","src":"https:\/\/i0.wp.com\/mygarden.mx\/wp-content\/uploads\/2022\/04\/C1DC7D3D-ED12-4569-865A-F2A2E7574D24.jpg?fit=675%2C1200&ssl=1&resize=350%2C200","width":350,"height":200},"classes":[]},{"id":3553,"url":"https:\/\/mygarden.mx\/index.php\/product\/promo-san-valentin-banquita-madera\/","url_meta":{"origin":3107,"position":2},"title":"Promo San Valent\u00edn + banquita madera","date":"24 de septiembre de 2022","format":false,"excerpt":"T\u00fa y tu amorcito \ud83e\udd70 Regala este set a esa persona especial y hazla feliz \ud83e\udeb4\ud83d\udc9a \u00a1Regala planthijas, regala vida! \ud83d\udc49\ud83c\udffb El set completo tiene un costo de 750 MXN e incluye: 2 humanitxs de cer\u00e1mica + 2 planthijas + banquito madera.","rel":"","context":"Entrada similar","img":{"alt_text":"Regalo San Valent\u00edn","src":"https:\/\/i0.wp.com\/mygarden.mx\/wp-content\/uploads\/2022\/09\/76878ed8-0429-4194-8b56-833c95b2bef4.jpg?fit=898%2C1200&ssl=1&resize=350%2C200","width":350,"height":200},"classes":[]},{"id":3269,"url":"https:\/\/mygarden.mx\/index.php\/product\/set-papa-e-hijx\/","url_meta":{"origin":3107,"position":3},"title":"Set pap\u00e1 e hijx","date":"16 de junio de 2022","format":false,"excerpt":"Aprovecha y reg\u00e1lale a pap\u00e1 est\u00e9 incre\u00edble set\ud83d\udc9a \u00a1Regala planthijas, regala vida!","rel":"","context":"Entrada similar","img":{"alt_text":"Set pap\u00e1 e hijx","src":"https:\/\/i0.wp.com\/mygarden.mx\/wp-content\/uploads\/2022\/06\/B29A916C-867E-41BE-B0ED-0D94B55A70B1.jpg?fit=898%2C1200&ssl=1&resize=350%2C200","width":350,"height":200},"classes":[]},{"id":2321,"url":"https:\/\/mygarden.mx\/index.php\/product\/promo-humanitxs-san-valentin\/","url_meta":{"origin":3107,"position":4},"title":"Promo humanitxs San Valent\u00edn","date":"24 de enero de 2022","format":false,"excerpt":"Dilo con planthijas... este 14 de febrero regala vida y haz feliz a esa persona especial. Los humanitxs son de las macetas m\u00e1s emblem\u00e1ticas de mygarden y en esta ocasi\u00f3n armamos este set para facilitarte la vida, ya que sabemos lo complicado que puede llegar a ser elegir un regalo.\u2026","rel":"","context":"Entrada similar","img":{"alt_text":"Humanitxs","src":"https:\/\/i0.wp.com\/mygarden.mx\/wp-content\/uploads\/2022\/01\/Diseno-sin-titulo-2.png?fit=1080%2C1080&ssl=1&resize=350%2C200","width":350,"height":200},"classes":[]},{"id":3420,"url":"https:\/\/mygarden.mx\/index.php\/product\/orquida-con-jetotas\/","url_meta":{"origin":3107,"position":5},"title":"Orqu\u00eddea con Jetotas","date":"23 de agosto de 2022","format":false,"excerpt":"Las orqu\u00eddeas llegaron a mygarden para sumar un miembro m\u00e1s a tu familia de\u00a0#planthijas \ud83d\udc9a. Y ya que las macetas en forma de cabeza son de sus favoritas, decidimos lanzarlas acompa\u00f1adas de nuestra nueva maceta \u201cjetotas\u201d. \u00a1Pide las tuyas antes de que vuelen! \ud83d\udc49 En la secci\u00f3n de comentarios, puedes\u2026","rel":"","context":"Entrada similar","img":{"alt_text":"Orqu\u00eddea en maceta forma cara","src":"https:\/\/i0.wp.com\/mygarden.mx\/wp-content\/uploads\/2022\/08\/Jetotas-con-orquidea.jpeg?fit=900%2C1200&ssl=1&resize=350%2C200","width":350,"height":200},"classes":[]}],"_links":{"self":[{"href":"https:\/\/mygarden.mx\/index.php\/wp-json\/wp\/v2\/product\/3107"}],"collection":[{"href":"https:\/\/mygarden.mx\/index.php\/wp-json\/wp\/v2\/product"}],"about":[{"href":"https:\/\/mygarden.mx\/index.php\/wp-json\/wp\/v2\/types\/product"}],"replies":[{"embeddable":true,"href":"https:\/\/mygarden.mx\/index.php\/wp-json\/wp\/v2\/comments?post=3107"}],"wp:featuredmedia":[{"embeddable":true,"href":"https:\/\/mygarden.mx\/index.php\/wp-json\/wp\/v2\/media\/3109"}],"wp:attachment":[{"href":"https:\/\/mygarden.mx\/index.php\/wp-json\/wp\/v2\/media?parent=3107"}],"wp:term":[{"taxonomy":"product_cat","embeddable":true,"href":"https:\/\/mygarden.mx\/index.php\/wp-json\/wp\/v2\/product_cat?post=3107"},{"taxonomy":"product_tag","embeddable":true,"href":"https:\/\/mygarden.mx\/index.php\/wp-json\/wp\/v2\/product_tag?post=3107"}],"curies":[{"name":"wp","href":"https:\/\/api.w.org\/{rel}","templated":true}]}}