{"id":3273,"date":"2022-06-16T03:46:33","date_gmt":"2022-06-16T03:46:33","guid":{"rendered":"https:\/\/mygarden.mx\/?post_type=product&#038;p=3273"},"modified":"2023-04-25T05:56:23","modified_gmt":"2023-04-25T05:56:23","slug":"planthija-colgante-con-macrame","status":"publish","type":"product","link":"https:\/\/mygarden.mx\/index.php\/product\/planthija-colgante-con-macrame\/","title":{"rendered":"Planthija colgante con macram\u00e9"},"content":{"rendered":"","protected":false},"excerpt":{"rendered":"<p>Colgante macram\u00e9 con incre\u00edble dise\u00f1o + maceta bule con olitas + planthija colgante = \ud83d\udc9a<\/p>\n<p>Armamos este incre\u00edble set para ti\u2728<\/p>\n<p>Puedes elegir la planthija colgante entre esqueleto y tel\u00e9fono, ambas son ideales para interiores y sin duda van a dar vida a cualquier lugar.<\/p>\n","protected":false},"featured_media":3253,"comment_status":"open","ping_status":"closed","template":"","meta":{"om_disable_all_campaigns":false,"_monsterinsights_skip_tracking":false,"_monsterinsights_sitenote_active":false,"_monsterinsights_sitenote_note":"","_monsterinsights_sitenote_category":0,"spay_email":""},"product_cat":[20],"product_tag":[40,41],"class_list":["post-3273","product","type-product","status-publish","has-post-thumbnail","hentry","product_cat-mediana-planthijamaceta","product_tag-colgante","product_tag-macrame"],"jetpack-related-posts":[{"id":3579,"url":"https:\/\/mygarden.mx\/index.php\/product\/2-corazones-maceta-ceramica-colgante-macrame\/","url_meta":{"origin":3273,"position":0},"title":"Ceropegia woodii + maceta cer\u00e1mica + colgante macram\u00e9","date":"5 de octubre de 2022","format":false,"excerpt":"Los dos corazones en un hilo(Ceropegia woodii) \ud83d\udc95 son un tipo de suculenta colgante que le dan un look Rapunzel a la cabezota. \u00bfQu\u00e9 esperas para llevarte la tuya? \u00a0Tipo de suculenta colgante que puede alcanzar un largo impresionante. Sus hojitas tienen la forma de corazones que cuelgan de un\u2026","rel":"","context":"Entrada similar","img":{"alt_text":"2 corazones en un hilo planta colgante","src":"https:\/\/i0.wp.com\/mygarden.mx\/wp-content\/uploads\/2022\/10\/Ceropegia-woodii.jpeg?fit=725%2C1200&ssl=1&resize=350%2C200","width":350,"height":200},"classes":[]},{"id":3522,"url":"https:\/\/mygarden.mx\/index.php\/product\/jetotas-con-esqueleto\/","url_meta":{"origin":3273,"position":1},"title":"\u00abJetotas\u00bb con esqueleto","date":"12 de septiembre de 2022","format":false,"excerpt":"Maceta \u201cJetotas\u201d con Monstera Andasonii aka esqueleto\ud83c\udf31 planthija colgante ideal para interiores. La maceta es de la nueva colecci\u00f3n de mygarden y sin duda es lo que hace falta para darle un toque m\u00e1s cool a tu espacio \ud83d\udc9a. \ud83d\udc49\ud83c\udffb Por lanzamiento tiene un costo de 550 MXN (precio normal\u2026","rel":"","context":"Entrada similar","img":{"alt_text":"Maceta rostro","src":"https:\/\/i0.wp.com\/mygarden.mx\/wp-content\/uploads\/2022\/09\/Maceta-jetotas-con-monstera-andasonii.jpeg?fit=900%2C1200&ssl=1&resize=350%2C200","width":350,"height":200},"classes":[]},{"id":3198,"url":"https:\/\/mygarden.mx\/index.php\/product\/muneco-pies-colgantes\/","url_meta":{"origin":3273,"position":2},"title":"Mu\u00f1eco pies colgantes","date":"6 de junio de 2022","format":false,"excerpt":"Mu\u00f1equito pies colgantes con rosario\ud83d\udc9a Maceta: cer\u00e1mica","rel":"","context":"Entrada similar","img":{"alt_text":"Mu\u00f1eco pies colgantes cer\u00e1mica","src":"https:\/\/i0.wp.com\/mygarden.mx\/wp-content\/uploads\/2022\/06\/IMG_2601-scaled.jpg?fit=900%2C1200&ssl=1&resize=350%2C200","width":350,"height":200},"classes":[]},{"id":4093,"url":"https:\/\/mygarden.mx\/index.php\/product\/telefono-colgante-2\/","url_meta":{"origin":3273,"position":3},"title":"Tel\u00e9fono colgante","date":"9 de junio de 2023","format":false,"excerpt":"Tel\u00e9fono colgante (Potus)\u00a0 \u00a0Platnthija colgante eficaz contra la contaminaci\u00f3n ambiental en interiores ya que ayuda a purificar el ambiente. Cuidados: \u00a0Regar solo cuando el sustrato est\u00e9 seco. \u00a0Luz media indirecta; tolera una luminosidad intensa, pero largos periodos de luz solar directa queman las hojas. \u00a0Si vemos que pierden su color\u2026","rel":"","context":"Entrada similar","img":{"alt_text":"Tel\u00e9fono colgante","src":"https:\/\/i0.wp.com\/mygarden.mx\/wp-content\/uploads\/2023\/06\/Captura-de-Pantalla-2023-06-09-a-las-8.53.13.png?fit=840%2C836&ssl=1&resize=350%2C200","width":350,"height":200},"classes":[]},{"id":1019,"url":"https:\/\/mygarden.mx\/index.php\/product\/cabezota-con-esqueleto\/","url_meta":{"origin":3273,"position":4},"title":"Cabezota con esqueleto","date":"6 de octubre de 2021","format":false,"excerpt":"Esqueleto o Monstera Adansonii\ud83d\udc80 \u00a0","rel":"","context":"Entrada similar","img":{"alt_text":"Cabezota con Monstera","src":"https:\/\/i0.wp.com\/mygarden.mx\/wp-content\/uploads\/2021\/10\/2.jpg?fit=888%2C1024&ssl=1&resize=350%2C200","width":350,"height":200},"classes":[]},{"id":230,"url":"https:\/\/mygarden.mx\/index.php\/product\/telefono-colgante\/","url_meta":{"origin":3273,"position":5},"title":"Tel\u00e9fono Colgante","date":"13 de abril de 2021","format":false,"excerpt":"Tama\u00f1o: Mediana Tel\u00e9fono colgante (Potus) \ud83d\udcde \ud83d\udc49 Platnthija colgante eficaz contra la contaminaci\u00f3n ambiental en interiores ya que ayuda a purificar el ambiente. Cuidados: \ud83d\udebf Regar solo cuando el sustrato est\u00e9 seco. \u2600\ufe0f Luz media indirecta; tolera una luminosidad intensa, pero largos periodos de luz solar directa queman las hojas.\u2026","rel":"","context":"Entrada similar","img":{"alt_text":"","src":"https:\/\/i0.wp.com\/mygarden.mx\/wp-content\/uploads\/2021\/04\/Telefono-colgante.png?fit=1080%2C1080&ssl=1&resize=350%2C200","width":350,"height":200},"classes":[]}],"_links":{"self":[{"href":"https:\/\/mygarden.mx\/index.php\/wp-json\/wp\/v2\/product\/3273"}],"collection":[{"href":"https:\/\/mygarden.mx\/index.php\/wp-json\/wp\/v2\/product"}],"about":[{"href":"https:\/\/mygarden.mx\/index.php\/wp-json\/wp\/v2\/types\/product"}],"replies":[{"embeddable":true,"href":"https:\/\/mygarden.mx\/index.php\/wp-json\/wp\/v2\/comments?post=3273"}],"wp:featuredmedia":[{"embeddable":true,"href":"https:\/\/mygarden.mx\/index.php\/wp-json\/wp\/v2\/media\/3253"}],"wp:attachment":[{"href":"https:\/\/mygarden.mx\/index.php\/wp-json\/wp\/v2\/media?parent=3273"}],"wp:term":[{"taxonomy":"product_cat","embeddable":true,"href":"https:\/\/mygarden.mx\/index.php\/wp-json\/wp\/v2\/product_cat?post=3273"},{"taxonomy":"product_tag","embeddable":true,"href":"https:\/\/mygarden.mx\/index.php\/wp-json\/wp\/v2\/product_tag?post=3273"}],"curies":[{"name":"wp","href":"https:\/\/api.w.org\/{rel}","templated":true}]}}