{"id":3553,"date":"2022-09-24T17:27:35","date_gmt":"2022-09-24T17:27:35","guid":{"rendered":"https:\/\/mygarden.mx\/?post_type=product&#038;p=3553"},"modified":"2022-09-24T17:27:36","modified_gmt":"2022-09-24T17:27:36","slug":"promo-san-valentin-banquita-madera","status":"publish","type":"product","link":"https:\/\/mygarden.mx\/index.php\/product\/promo-san-valentin-banquita-madera\/","title":{"rendered":"Promo San Valent\u00edn + banquita madera"},"content":{"rendered":"","protected":false},"excerpt":{"rendered":"<p>T\u00fa y tu amorcito \ud83e\udd70<br \/>\nRegala este set a esa persona especial y hazla feliz \ud83e\udeb4\ud83d\udc9a \u00a1Regala planthijas, regala vida!<br \/>\n\ud83d\udc49\ud83c\udffb El set completo tiene un costo de 750 MXN e incluye: 2 humanitxs de cer\u00e1mica + 2 planthijas + banquito madera.<\/p>\n","protected":false},"featured_media":3554,"comment_status":"open","ping_status":"closed","template":"","meta":{"om_disable_all_campaigns":false,"_monsterinsights_skip_tracking":false,"_monsterinsights_sitenote_active":false,"_monsterinsights_sitenote_note":"","_monsterinsights_sitenote_category":0,"spay_email":""},"product_cat":[21],"product_tag":[],"class_list":["post-3553","product","type-product","status-publish","has-post-thumbnail","hentry","product_cat-chica"],"jetpack-related-posts":[{"id":3286,"url":"https:\/\/mygarden.mx\/index.php\/product\/2-ninxs-con-banquita-de-madera\/","url_meta":{"origin":3553,"position":0},"title":"Set ni\u00f1xs con banquita de madera","date":"16 de junio de 2022","format":false,"excerpt":"2 ni\u00f1xs + banquita de madera \ud83d\udc9a Puedes personalizar el color de cada ni\u00f1x y combinarlos como m\u00e1s te gusten. Las macetas son de cer\u00e1mica y las planthijas que los acompa\u00f1an son ideales para interiores. Empieza ya tu familia de planthijas.","rel":"","context":"Entrada similar","img":{"alt_text":"Macetas ni\u00f1os con banca madera","src":"https:\/\/i0.wp.com\/mygarden.mx\/wp-content\/uploads\/2022\/06\/CD7E62F3-637A-4D87-804B-1CA05839FBFC.jpg?fit=675%2C1200&ssl=1&resize=350%2C200","width":350,"height":200},"classes":[]},{"id":2321,"url":"https:\/\/mygarden.mx\/index.php\/product\/promo-humanitxs-san-valentin\/","url_meta":{"origin":3553,"position":1},"title":"Promo humanitxs San Valent\u00edn","date":"24 de enero de 2022","format":false,"excerpt":"Dilo con planthijas... este 14 de febrero regala vida y haz feliz a esa persona especial. Los humanitxs son de las macetas m\u00e1s emblem\u00e1ticas de mygarden y en esta ocasi\u00f3n armamos este set para facilitarte la vida, ya que sabemos lo complicado que puede llegar a ser elegir un regalo.\u2026","rel":"","context":"Entrada similar","img":{"alt_text":"Humanitxs","src":"https:\/\/i0.wp.com\/mygarden.mx\/wp-content\/uploads\/2022\/01\/Diseno-sin-titulo-2.png?fit=1080%2C1080&ssl=1&resize=350%2C200","width":350,"height":200},"classes":[]},{"id":3514,"url":"https:\/\/mygarden.mx\/index.php\/product\/banquita-madera-chica\/","url_meta":{"origin":3553,"position":2},"title":"Banquita madera (chica)","date":"8 de septiembre de 2022","format":false,"excerpt":"","rel":"","context":"Entrada similar","img":{"alt_text":"Banquita de madera chica","src":"https:\/\/i0.wp.com\/mygarden.mx\/wp-content\/uploads\/2022\/09\/Colores-banquita.jpeg?fit=1080%2C1080&ssl=1&resize=350%2C200","width":350,"height":200},"classes":[]},{"id":3276,"url":"https:\/\/mygarden.mx\/index.php\/product\/set-ninxs-con-banquita-ceramica\/","url_meta":{"origin":3553,"position":3},"title":"Set ni\u00f1xs con banquita cer\u00e1mica","date":"16 de junio de 2022","format":false,"excerpt":"Set ni\u00f1xs + banquita cer\u00e1mica. \ud83d\udc49 El set incluye 2 ni\u00f1xs de cer\u00e1mica con banquita del mismo material. Puedes personalizar el color a tu gusto.","rel":"","context":"Entrada similar","img":{"alt_text":"Mu\u00f1ecos cer\u00e1mica","src":"https:\/\/i0.wp.com\/mygarden.mx\/wp-content\/uploads\/2022\/06\/8F566EE1-1CFA-49DB-AB07-52FD004E8E5B.jpg?fit=675%2C1200&ssl=1&resize=350%2C200","width":350,"height":200},"classes":[]},{"id":3055,"url":"https:\/\/mygarden.mx\/index.php\/product\/set-humanitas-embarazadas\/","url_meta":{"origin":3553,"position":4},"title":"Set humanitas embarazadas","date":"24 de abril de 2022","format":false,"excerpt":"Psss, pssss\u2026 \u00bfya tienes tu regalo para este #10demayo?\ud83e\udd14 Si a\u00fan no tienes idea qu\u00e9 regalarle a\u00a0#mam\u00e1, date una vuelta por nuestro perfil y descubre las planthijas que tenemos listas para este\u00a0#diadelasmadres\u00a0\ud83d\udc95 \u00a1Regala\u00a0#planthijas, regala vida!\ud83e\udeb4\ud83d\udc9a \ud83d\udc49\ud83c\udffb Ll\u00e9vate estos 2 humanitxs por 450 MXN, el precio incluye 2 macetas de humanitas\u2026","rel":"","context":"Entrada similar","img":{"alt_text":"Humanitas embarazadas","src":"https:\/\/i0.wp.com\/mygarden.mx\/wp-content\/uploads\/2022\/04\/C1DC7D3D-ED12-4569-865A-F2A2E7574D24.jpg?fit=675%2C1200&ssl=1&resize=350%2C200","width":350,"height":200},"classes":[]},{"id":3107,"url":"https:\/\/mygarden.mx\/index.php\/product\/set-3-humanitxs\/","url_meta":{"origin":3553,"position":5},"title":"Set 3 ni\u00f1xs","date":"24 de abril de 2022","format":false,"excerpt":"Psss, pssss\u2026 \u00bfya tienes tu regalo para este\u00a0#10demayo?\ud83e\udd14 Si a\u00fan no tienes idea qu\u00e9 regalarle a\u00a0#mam\u00e1, date una vuelta por nuestro perfil y descubre las planthijas que tenemos listas para este\u00a0#diadelasmadres\u00a0\ud83d\udc95 \u00a1Regala\u00a0#planthijas, regala vida!\ud83e\udeb4\ud83d\udc9a \ud83d\udc49\ud83c\udffb Ll\u00e9vate estos 3 humanitxs por 550 MXN, el precio incluye 3 macetas + 3 planthijas.\u2026","rel":"","context":"Entrada similar","img":{"alt_text":"Macetas cer\u00e1mica","src":"https:\/\/i0.wp.com\/mygarden.mx\/wp-content\/uploads\/2022\/04\/2A003AD9-39CE-47B0-80EF-2EC5C5288BF7.jpg?fit=675%2C1200&ssl=1&resize=350%2C200","width":350,"height":200},"classes":[]}],"_links":{"self":[{"href":"https:\/\/mygarden.mx\/index.php\/wp-json\/wp\/v2\/product\/3553"}],"collection":[{"href":"https:\/\/mygarden.mx\/index.php\/wp-json\/wp\/v2\/product"}],"about":[{"href":"https:\/\/mygarden.mx\/index.php\/wp-json\/wp\/v2\/types\/product"}],"replies":[{"embeddable":true,"href":"https:\/\/mygarden.mx\/index.php\/wp-json\/wp\/v2\/comments?post=3553"}],"wp:featuredmedia":[{"embeddable":true,"href":"https:\/\/mygarden.mx\/index.php\/wp-json\/wp\/v2\/media\/3554"}],"wp:attachment":[{"href":"https:\/\/mygarden.mx\/index.php\/wp-json\/wp\/v2\/media?parent=3553"}],"wp:term":[{"taxonomy":"product_cat","embeddable":true,"href":"https:\/\/mygarden.mx\/index.php\/wp-json\/wp\/v2\/product_cat?post=3553"},{"taxonomy":"product_tag","embeddable":true,"href":"https:\/\/mygarden.mx\/index.php\/wp-json\/wp\/v2\/product_tag?post=3553"}],"curies":[{"name":"wp","href":"https:\/\/api.w.org\/{rel}","templated":true}]}}