{"id":3579,"date":"2022-10-05T18:51:09","date_gmt":"2022-10-05T18:51:09","guid":{"rendered":"https:\/\/mygarden.mx\/?post_type=product&#038;p=3579"},"modified":"2022-10-05T18:53:55","modified_gmt":"2022-10-05T18:53:55","slug":"2-corazones-maceta-ceramica-colgante-macrame","status":"publish","type":"product","link":"https:\/\/mygarden.mx\/index.php\/product\/2-corazones-maceta-ceramica-colgante-macrame\/","title":{"rendered":"Ceropegia woodii + maceta cer\u00e1mica + colgante macram\u00e9"},"content":{"rendered":"<p>Cuidados:<\/p>\n<p><img decoding=\"async\" class=\"emoji\" role=\"img\" draggable=\"false\" src=\"https:\/\/s.w.org\/images\/core\/emoji\/13.1.0\/svg\/1f6bf.svg\" alt=\"\ud83d\udebf\" \/>\u00a0Regar solo cuando el sustrato est\u00e9 seco.<\/p>\n<p><img decoding=\"async\" class=\"emoji\" role=\"img\" draggable=\"false\" src=\"https:\/\/s.w.org\/images\/core\/emoji\/13.1.0\/svg\/2600.svg\" alt=\"\u2600\ufe0f\" \/>\u00a0Colocar en resolana, evitando el sol directo ya que puede da\u00f1arla.<\/p>\n<p>Tips:<\/p>\n<p><img decoding=\"async\" class=\"emoji\" role=\"img\" draggable=\"false\" src=\"https:\/\/s.w.org\/images\/core\/emoji\/13.1.0\/svg\/1f4a6.svg\" alt=\"\ud83d\udca6\" \/>\u00a0Si ves que se est\u00e1 secando aumenta la frecuencia del riego.<\/p>\n<p>Maceta: Cer\u00e1mica<\/p>\n","protected":false},"excerpt":{"rendered":"<p>Los dos corazones en un hilo(Ceropegia woodii) \ud83d\udc95 son un tipo de suculenta colgante que le dan un look Rapunzel a la cabezota. \u00bfQu\u00e9 esperas para llevarte la tuya?<\/p>\n<p><img decoding=\"async\" class=\"emoji\" role=\"img\" draggable=\"false\" src=\"https:\/\/s.w.org\/images\/core\/emoji\/13.1.0\/svg\/1f449.svg\" alt=\"\ud83d\udc49\" \/>\u00a0Tipo de suculenta colgante que puede alcanzar un largo impresionante. Sus hojitas tienen la forma de corazones que cuelgan de un hilo.<\/p>\n<p><img decoding=\"async\" class=\"emoji\" role=\"img\" draggable=\"false\" src=\"https:\/\/s.w.org\/images\/core\/emoji\/13.1.0\/svg\/1f449.svg\" alt=\"\ud83d\udc49\" \/> El precio es por planthija + maceta cer\u00e1mica + colgante macram\u00e9 de aprox 90 cm de largo<\/p>\n<p>&nbsp;<\/p>\n","protected":false},"featured_media":3580,"comment_status":"open","ping_status":"closed","template":"","meta":{"om_disable_all_campaigns":false,"_monsterinsights_skip_tracking":false,"_monsterinsights_sitenote_active":false,"_monsterinsights_sitenote_note":"","_monsterinsights_sitenote_category":0,"spay_email":""},"product_cat":[20],"product_tag":[],"class_list":["post-3579","product","type-product","status-publish","has-post-thumbnail","hentry","product_cat-mediana-planthijamaceta"],"jetpack-related-posts":[{"id":473,"url":"https:\/\/mygarden.mx\/index.php\/product\/tinita-con-2-corazones-en-un-hilo\/","url_meta":{"origin":3579,"position":0},"title":"Tinita con 2 corazones en un Hilo","date":"13 de abril de 2021","format":false,"excerpt":"Tama\u00f1o: Chico Cabezota con 2 corazones en un hilo (Ceropegia woodii) \ud83d\udc95 \ud83d\udc49 Tipo de suculenta colgante que puede alcanzar un largo impresionante. Sus hojitas tienen la forma de corazones que cuelgan de un hilo. Cuidados: \ud83d\udebf Regar solo cuando el sustrato est\u00e9 seco. \u2600\ufe0f Colocar en resolana, evitando el\u2026","rel":"","context":"Entrada similar","img":{"alt_text":"","src":"https:\/\/i0.wp.com\/mygarden.mx\/wp-content\/uploads\/2021\/04\/Tinita-con-2-corazoneprincipal.jpg?fit=750%2C912&ssl=1&resize=350%2C200","width":350,"height":200},"classes":[]},{"id":467,"url":"https:\/\/mygarden.mx\/index.php\/product\/cabezota-con-2-corazones-en-un-hilo\/","url_meta":{"origin":3579,"position":1},"title":"Cabezota con 2 Corazones en un Hilo","date":"13 de abril de 2021","format":false,"excerpt":"Tama\u00f1o: Mediana Cabezota con 2 corazones en un hilo (Ceropegia woodii) \ud83d\udc95 \ud83d\udc49 Tipo de suculenta colgante que puede alcanzar un largo impresionante. Sus hojitas tienen la forma de corazones que cuelgan de un hilo. Cuidados: \ud83d\udebf Regar solo cuando el sustrato est\u00e9 seco. \u2600\ufe0f Colocar en resolana, evitando el\u2026","rel":"","context":"Entrada similar","img":{"alt_text":"","src":"https:\/\/i0.wp.com\/mygarden.mx\/wp-content\/uploads\/2021\/04\/Cabezotas-con-2-corazones.jpg?fit=960%2C1200&ssl=1&resize=350%2C200","width":350,"height":200},"classes":[]},{"id":3273,"url":"https:\/\/mygarden.mx\/index.php\/product\/planthija-colgante-con-macrame\/","url_meta":{"origin":3579,"position":2},"title":"Planthija colgante con macram\u00e9","date":"16 de junio de 2022","format":false,"excerpt":"Colgante macram\u00e9 con incre\u00edble dise\u00f1o + maceta bule con olitas + planthija colgante = \ud83d\udc9a Armamos este incre\u00edble set para ti\u2728 Puedes elegir la planthija colgante entre esqueleto y tel\u00e9fono, ambas son ideales para interiores y sin duda van a dar vida a cualquier lugar.","rel":"","context":"Entrada similar","img":{"alt_text":"Esqueleto colgante con macram\u00e9","src":"https:\/\/i0.wp.com\/mygarden.mx\/wp-content\/uploads\/2022\/06\/IMG_2906-1-scaled.jpg?fit=548%2C1200&ssl=1&resize=350%2C200","width":350,"height":200},"classes":[]},{"id":3198,"url":"https:\/\/mygarden.mx\/index.php\/product\/muneco-pies-colgantes\/","url_meta":{"origin":3579,"position":3},"title":"Mu\u00f1eco pies colgantes","date":"6 de junio de 2022","format":false,"excerpt":"Mu\u00f1equito pies colgantes con rosario\ud83d\udc9a Maceta: cer\u00e1mica","rel":"","context":"Entrada similar","img":{"alt_text":"Mu\u00f1eco pies colgantes cer\u00e1mica","src":"https:\/\/i0.wp.com\/mygarden.mx\/wp-content\/uploads\/2022\/06\/IMG_2601-scaled.jpg?fit=900%2C1200&ssl=1&resize=350%2C200","width":350,"height":200},"classes":[]},{"id":3268,"url":"https:\/\/mygarden.mx\/index.php\/product\/maceton-con-telefono\/","url_meta":{"origin":3579,"position":4},"title":"Macet\u00f3n con tel\u00e9fono","date":"16 de junio de 2022","format":false,"excerpt":"\u00a1Ll\u00e9vate a casa est\u00e1 incre\u00edble maceta!\ud83d\udc9a Decidimos ponerle macet\u00f3n a este maceta y nada mejor que acompa\u00f1arla con un tel\u00e9fono. Tel\u00e9fono colgante (Potus) \ud83d\udcde \ud83d\udc49 Platnthija colgante eficaz contra la contaminaci\u00f3n ambiental en interiores ya que ayuda a purificar el ambiente. Cuidados: \ud83d\udebf Regar solo cuando el sustrato est\u00e9 seco.\u2026","rel":"","context":"Entrada similar","img":{"alt_text":"Macet\u00f3n con tel\u00e9fono","src":"https:\/\/i0.wp.com\/mygarden.mx\/wp-content\/uploads\/2022\/06\/1A567462-96DC-4AA8-ACDA-1A9AF2F0E6DB.jpg?fit=675%2C1200&ssl=1&resize=350%2C200","width":350,"height":200},"classes":[]},{"id":3781,"url":"https:\/\/mygarden.mx\/index.php\/product\/manota-con-maceta-mini\/","url_meta":{"origin":3579,"position":5},"title":"Manota con maceta mini","date":"23 de enero de 2023","format":false,"excerpt":"","rel":"","context":"Entrada similar","img":{"alt_text":"Maceta mano de cer\u00e1mica","src":"https:\/\/i0.wp.com\/mygarden.mx\/wp-content\/uploads\/2023\/01\/Manota-1-scaled.jpg?fit=900%2C1200&ssl=1&resize=350%2C200","width":350,"height":200},"classes":[]}],"_links":{"self":[{"href":"https:\/\/mygarden.mx\/index.php\/wp-json\/wp\/v2\/product\/3579"}],"collection":[{"href":"https:\/\/mygarden.mx\/index.php\/wp-json\/wp\/v2\/product"}],"about":[{"href":"https:\/\/mygarden.mx\/index.php\/wp-json\/wp\/v2\/types\/product"}],"replies":[{"embeddable":true,"href":"https:\/\/mygarden.mx\/index.php\/wp-json\/wp\/v2\/comments?post=3579"}],"wp:featuredmedia":[{"embeddable":true,"href":"https:\/\/mygarden.mx\/index.php\/wp-json\/wp\/v2\/media\/3580"}],"wp:attachment":[{"href":"https:\/\/mygarden.mx\/index.php\/wp-json\/wp\/v2\/media?parent=3579"}],"wp:term":[{"taxonomy":"product_cat","embeddable":true,"href":"https:\/\/mygarden.mx\/index.php\/wp-json\/wp\/v2\/product_cat?post=3579"},{"taxonomy":"product_tag","embeddable":true,"href":"https:\/\/mygarden.mx\/index.php\/wp-json\/wp\/v2\/product_tag?post=3579"}],"curies":[{"name":"wp","href":"https:\/\/api.w.org\/{rel}","templated":true}]}}