{"id":3773,"date":"2023-01-23T02:52:41","date_gmt":"2023-01-23T02:52:41","guid":{"rendered":"https:\/\/mygarden.mx\/?post_type=product&#038;p=3773"},"modified":"2023-11-08T20:24:55","modified_gmt":"2023-11-08T20:24:55","slug":"corazon-de-pared","status":"publish","type":"product","link":"https:\/\/mygarden.mx\/index.php\/product\/corazon-de-pared\/","title":{"rendered":"Coraz\u00f3n de pared"},"content":{"rendered":"","protected":false},"excerpt":{"rendered":"","protected":false},"featured_media":3777,"comment_status":"open","ping_status":"closed","template":"","meta":{"om_disable_all_campaigns":false,"_monsterinsights_skip_tracking":false,"_monsterinsights_sitenote_active":false,"_monsterinsights_sitenote_note":"","_monsterinsights_sitenote_category":0,"spay_email":""},"product_cat":[21],"product_tag":[],"class_list":["post-3773","product","type-product","status-publish","has-post-thumbnail","hentry","product_cat-chica"],"jetpack-related-posts":[{"id":132,"url":"https:\/\/mygarden.mx\/index.php\/product\/corazon-de-maria\/","url_meta":{"origin":3773,"position":0},"title":"Coraz\u00f3n de Mar\u00eda","date":"12 de abril de 2021","format":false,"excerpt":"Tama\u00f1o: Chica Corazo\u0301n de Mari\u0301a\ud83d\udc9c \ud83d\udc49 Planthija que es perfecta para el interior de tu hogar pues le dara\u0301 un toque muy original por sus hojas con forma de corazo\u0301n. Tiene un sinfi\u0301n de propiedades, alrededor del mundo es utilizada dentro de la medicina alternativa por sus bondades medicinales. Cuidados:\u2026","rel":"","context":"Entrada similar","img":{"alt_text":"","src":"https:\/\/i0.wp.com\/mygarden.mx\/wp-content\/uploads\/2021\/04\/Corazon-de-Maria.jpg?fit=547%2C820&ssl=1&resize=350%2C200","width":350,"height":200},"classes":[]},{"id":467,"url":"https:\/\/mygarden.mx\/index.php\/product\/cabezota-con-2-corazones-en-un-hilo\/","url_meta":{"origin":3773,"position":1},"title":"Cabezota con 2 Corazones en un Hilo","date":"13 de abril de 2021","format":false,"excerpt":"Tama\u00f1o: Mediana Cabezota con 2 corazones en un hilo (Ceropegia woodii) \ud83d\udc95 \ud83d\udc49 Tipo de suculenta colgante que puede alcanzar un largo impresionante. Sus hojitas tienen la forma de corazones que cuelgan de un hilo. Cuidados: \ud83d\udebf Regar solo cuando el sustrato est\u00e9 seco. \u2600\ufe0f Colocar en resolana, evitando el\u2026","rel":"","context":"Entrada similar","img":{"alt_text":"","src":"https:\/\/i0.wp.com\/mygarden.mx\/wp-content\/uploads\/2021\/04\/Cabezotas-con-2-corazones.jpg?fit=960%2C1200&ssl=1&resize=350%2C200","width":350,"height":200},"classes":[]},{"id":473,"url":"https:\/\/mygarden.mx\/index.php\/product\/tinita-con-2-corazones-en-un-hilo\/","url_meta":{"origin":3773,"position":2},"title":"Tinita con 2 corazones en un Hilo","date":"13 de abril de 2021","format":false,"excerpt":"Tama\u00f1o: Chico Cabezota con 2 corazones en un hilo (Ceropegia woodii) \ud83d\udc95 \ud83d\udc49 Tipo de suculenta colgante que puede alcanzar un largo impresionante. Sus hojitas tienen la forma de corazones que cuelgan de un hilo. Cuidados: \ud83d\udebf Regar solo cuando el sustrato est\u00e9 seco. \u2600\ufe0f Colocar en resolana, evitando el\u2026","rel":"","context":"Entrada similar","img":{"alt_text":"","src":"https:\/\/i0.wp.com\/mygarden.mx\/wp-content\/uploads\/2021\/04\/Tinita-con-2-corazoneprincipal.jpg?fit=750%2C912&ssl=1&resize=350%2C200","width":350,"height":200},"classes":[]},{"id":3579,"url":"https:\/\/mygarden.mx\/index.php\/product\/2-corazones-maceta-ceramica-colgante-macrame\/","url_meta":{"origin":3773,"position":3},"title":"Ceropegia woodii + maceta cer\u00e1mica + colgante macram\u00e9","date":"5 de octubre de 2022","format":false,"excerpt":"Los dos corazones en un hilo(Ceropegia woodii) \ud83d\udc95 son un tipo de suculenta colgante que le dan un look Rapunzel a la cabezota. \u00bfQu\u00e9 esperas para llevarte la tuya? \u00a0Tipo de suculenta colgante que puede alcanzar un largo impresionante. Sus hojitas tienen la forma de corazones que cuelgan de un\u2026","rel":"","context":"Entrada similar","img":{"alt_text":"2 corazones en un hilo planta colgante","src":"https:\/\/i0.wp.com\/mygarden.mx\/wp-content\/uploads\/2022\/10\/Ceropegia-woodii.jpeg?fit=725%2C1200&ssl=1&resize=350%2C200","width":350,"height":200},"classes":[]},{"id":135,"url":"https:\/\/mygarden.mx\/index.php\/product\/amor-de-un-rato\/","url_meta":{"origin":3773,"position":4},"title":"Amor de un Rato","date":"12 de abril de 2021","format":false,"excerpt":"Tama\u00f1o: Chica Amor de un rato\u2764\ufe0f \ud83d\udc49 \u201cAmorcito coraz\u00f3n, yo tengo tentaci\u00f3n de un beso\u2026 tururu. Qu\u00e9 canciones aquellas. El inigualable Pedro Infante haciendo de las suyas mientras le dedicaba una canci\u00f3n a su amada, o a esta flor tal vez.\" Cuidados: \ud83d\udebf Regar durante el per\u00edodo m\u00e1s c\u00e1lido; en\u2026","rel":"","context":"Entrada similar","img":{"alt_text":"","src":"https:\/\/i0.wp.com\/mygarden.mx\/wp-content\/uploads\/2021\/04\/Amor-de-un-rato.png?fit=1196%2C1200&ssl=1&resize=350%2C200","width":350,"height":200},"classes":[]},{"id":481,"url":"https:\/\/mygarden.mx\/index.php\/product\/tinita-con-pincel\/","url_meta":{"origin":3773,"position":5},"title":"Tinita con Pincel","date":"13 de abril de 2021","format":false,"excerpt":"Tama\u00f1o: Chico Pi\u0301ncel \ud83d\udd8c \ud83d\udc49 El nombre cienti\u0301fico de esta plantita es Ageratum, que deriva del griego \"Ageratum Ageratos = sin edad\" para indicar la larga duracio\u0301n de esta planta. Cuidados: \ud83d\udebf Mantener la tierra siempre hu\u0301meda, OJO sin encharcarla. \u2600\ufe0f Le encanta la exposicio\u0301n a pleno sol o por\u2026","rel":"","context":"Entrada similar","img":{"alt_text":"","src":"https:\/\/i0.wp.com\/mygarden.mx\/wp-content\/uploads\/2021\/04\/Tinita-con-pincel1.jpg?fit=741%2C732&ssl=1&resize=350%2C200","width":350,"height":200},"classes":[]}],"_links":{"self":[{"href":"https:\/\/mygarden.mx\/index.php\/wp-json\/wp\/v2\/product\/3773"}],"collection":[{"href":"https:\/\/mygarden.mx\/index.php\/wp-json\/wp\/v2\/product"}],"about":[{"href":"https:\/\/mygarden.mx\/index.php\/wp-json\/wp\/v2\/types\/product"}],"replies":[{"embeddable":true,"href":"https:\/\/mygarden.mx\/index.php\/wp-json\/wp\/v2\/comments?post=3773"}],"wp:featuredmedia":[{"embeddable":true,"href":"https:\/\/mygarden.mx\/index.php\/wp-json\/wp\/v2\/media\/3777"}],"wp:attachment":[{"href":"https:\/\/mygarden.mx\/index.php\/wp-json\/wp\/v2\/media?parent=3773"}],"wp:term":[{"taxonomy":"product_cat","embeddable":true,"href":"https:\/\/mygarden.mx\/index.php\/wp-json\/wp\/v2\/product_cat?post=3773"},{"taxonomy":"product_tag","embeddable":true,"href":"https:\/\/mygarden.mx\/index.php\/wp-json\/wp\/v2\/product_tag?post=3773"}],"curies":[{"name":"wp","href":"https:\/\/api.w.org\/{rel}","templated":true}]}}