{"id":4057,"date":"2023-06-02T04:09:26","date_gmt":"2023-06-02T04:09:26","guid":{"rendered":"https:\/\/mygarden.mx\/?post_type=product&#038;p=4057"},"modified":"2023-06-12T01:33:00","modified_gmt":"2023-06-12T01:33:00","slug":"maceton","status":"publish","type":"product","link":"https:\/\/mygarden.mx\/index.php\/product\/maceton\/","title":{"rendered":"Macet\u00f3n"},"content":{"rendered":"<p>\ud83d\udc49\ud83c\udffbCer\u00e1mica<\/p>\n<p>\ud83d\udc49\ud83c\udffbSin planta<\/p>\n","protected":false},"excerpt":{"rendered":"<p>\ud83d\udc49\ud83c\udffbCer\u00e1mica \ud83d\udc49\ud83c\udffbSin planta<\/p>\n","protected":false},"featured_media":4064,"comment_status":"open","ping_status":"closed","template":"","meta":{"om_disable_all_campaigns":false,"_monsterinsights_skip_tracking":false,"_monsterinsights_sitenote_active":false,"_monsterinsights_sitenote_note":"","_monsterinsights_sitenote_category":0,"spay_email":""},"product_cat":[16],"product_tag":[],"class_list":["post-4057","product","type-product","status-publish","has-post-thumbnail","hentry","product_cat-macetas"],"jetpack-related-posts":[{"id":3459,"url":"https:\/\/mygarden.mx\/index.php\/product\/humanitx-portacelular\/","url_meta":{"origin":4057,"position":0},"title":"Humanitx portacelular","date":"8 de septiembre de 2022","format":false,"excerpt":"El mejoooorrr porta celulares\ud83d\ude0d\ud83d\ude0d Los humanitxs llegaron ahora en forma de porta celular \u2728 y se ven lindisimos\ud83c\udf31. Sin duda es el integrante faltante en tu familia de plantitas. \ud83d\udc49\ud83c\udffb La planthija que lo acompa\u00f1a es una patita de elefante, ideal para interiores y aguanta la luz solar sin que\u2026","rel":"","context":"Entrada similar","img":{"alt_text":"Maceta humanito porta celular","src":"https:\/\/i0.wp.com\/mygarden.mx\/wp-content\/uploads\/2022\/09\/Humanitx-portacelular.jpeg?fit=975%2C1200&ssl=1&resize=350%2C200","width":350,"height":200},"classes":[]},{"id":3047,"url":"https:\/\/mygarden.mx\/index.php\/product\/set-mama-e-hijx\/","url_meta":{"origin":4057,"position":1},"title":"Set mam\u00e1 e hijx","date":"23 de abril de 2022","format":false,"excerpt":"Este\u00a0#10demayo\u00a0regala vida en forma de\u00a0#planthijas\u00a0\ud83e\udeb4 y haz feliz a\u00a0#mam\u00e1\u00a0\ud83d\udc95. Dale a mam\u00e1 este incre\u00edble set\u00a0 \ud83e\udd29 \ud83d\udc49\ud83c\udffb El set incluye 3 macetas: mam\u00e1, hijx y macetita de manos con piedras decorativas. Son de cer\u00e1mica. \ud83d\udc49\ud83c\udffbLas planthijas son ideales para interiores.","rel":"","context":"Entrada similar","img":{"alt_text":"Regalo 10 de mayo","src":"https:\/\/i0.wp.com\/mygarden.mx\/wp-content\/uploads\/2022\/04\/WhatsApp-Image-2022-04-22-at-9.34.07-PM.jpeg?fit=900%2C1200&ssl=1&resize=350%2C200","width":350,"height":200},"classes":[]},{"id":3107,"url":"https:\/\/mygarden.mx\/index.php\/product\/set-3-humanitxs\/","url_meta":{"origin":4057,"position":2},"title":"Set 3 ni\u00f1xs","date":"24 de abril de 2022","format":false,"excerpt":"Psss, pssss\u2026 \u00bfya tienes tu regalo para este\u00a0#10demayo?\ud83e\udd14 Si a\u00fan no tienes idea qu\u00e9 regalarle a\u00a0#mam\u00e1, date una vuelta por nuestro perfil y descubre las planthijas que tenemos listas para este\u00a0#diadelasmadres\u00a0\ud83d\udc95 \u00a1Regala\u00a0#planthijas, regala vida!\ud83e\udeb4\ud83d\udc9a \ud83d\udc49\ud83c\udffb Ll\u00e9vate estos 3 humanitxs por 550 MXN, el precio incluye 3 macetas + 3 planthijas.\u2026","rel":"","context":"Entrada similar","img":{"alt_text":"Macetas cer\u00e1mica","src":"https:\/\/i0.wp.com\/mygarden.mx\/wp-content\/uploads\/2022\/04\/2A003AD9-39CE-47B0-80EF-2EC5C5288BF7.jpg?fit=675%2C1200&ssl=1&resize=350%2C200","width":350,"height":200},"classes":[]},{"id":3553,"url":"https:\/\/mygarden.mx\/index.php\/product\/promo-san-valentin-banquita-madera\/","url_meta":{"origin":4057,"position":3},"title":"Promo San Valent\u00edn + banquita madera","date":"24 de septiembre de 2022","format":false,"excerpt":"T\u00fa y tu amorcito \ud83e\udd70 Regala este set a esa persona especial y hazla feliz \ud83e\udeb4\ud83d\udc9a \u00a1Regala planthijas, regala vida! \ud83d\udc49\ud83c\udffb El set completo tiene un costo de 750 MXN e incluye: 2 humanitxs de cer\u00e1mica + 2 planthijas + banquito madera.","rel":"","context":"Entrada similar","img":{"alt_text":"Regalo San Valent\u00edn","src":"https:\/\/i0.wp.com\/mygarden.mx\/wp-content\/uploads\/2022\/09\/76878ed8-0429-4194-8b56-833c95b2bef4.jpg?fit=898%2C1200&ssl=1&resize=350%2C200","width":350,"height":200},"classes":[]},{"id":3268,"url":"https:\/\/mygarden.mx\/index.php\/product\/maceton-con-telefono\/","url_meta":{"origin":4057,"position":4},"title":"Macet\u00f3n con tel\u00e9fono","date":"16 de junio de 2022","format":false,"excerpt":"\u00a1Ll\u00e9vate a casa est\u00e1 incre\u00edble maceta!\ud83d\udc9a Decidimos ponerle macet\u00f3n a este maceta y nada mejor que acompa\u00f1arla con un tel\u00e9fono. Tel\u00e9fono colgante (Potus) \ud83d\udcde \ud83d\udc49 Platnthija colgante eficaz contra la contaminaci\u00f3n ambiental en interiores ya que ayuda a purificar el ambiente. Cuidados: \ud83d\udebf Regar solo cuando el sustrato est\u00e9 seco.\u2026","rel":"","context":"Entrada similar","img":{"alt_text":"Macet\u00f3n con tel\u00e9fono","src":"https:\/\/i0.wp.com\/mygarden.mx\/wp-content\/uploads\/2022\/06\/1A567462-96DC-4AA8-ACDA-1A9AF2F0E6DB.jpg?fit=675%2C1200&ssl=1&resize=350%2C200","width":350,"height":200},"classes":[]},{"id":3055,"url":"https:\/\/mygarden.mx\/index.php\/product\/set-humanitas-embarazadas\/","url_meta":{"origin":4057,"position":5},"title":"Set humanitas embarazadas","date":"24 de abril de 2022","format":false,"excerpt":"Psss, pssss\u2026 \u00bfya tienes tu regalo para este #10demayo?\ud83e\udd14 Si a\u00fan no tienes idea qu\u00e9 regalarle a\u00a0#mam\u00e1, date una vuelta por nuestro perfil y descubre las planthijas que tenemos listas para este\u00a0#diadelasmadres\u00a0\ud83d\udc95 \u00a1Regala\u00a0#planthijas, regala vida!\ud83e\udeb4\ud83d\udc9a \ud83d\udc49\ud83c\udffb Ll\u00e9vate estos 2 humanitxs por 450 MXN, el precio incluye 2 macetas de humanitas\u2026","rel":"","context":"Entrada similar","img":{"alt_text":"Humanitas embarazadas","src":"https:\/\/i0.wp.com\/mygarden.mx\/wp-content\/uploads\/2022\/04\/C1DC7D3D-ED12-4569-865A-F2A2E7574D24.jpg?fit=675%2C1200&ssl=1&resize=350%2C200","width":350,"height":200},"classes":[]}],"_links":{"self":[{"href":"https:\/\/mygarden.mx\/index.php\/wp-json\/wp\/v2\/product\/4057"}],"collection":[{"href":"https:\/\/mygarden.mx\/index.php\/wp-json\/wp\/v2\/product"}],"about":[{"href":"https:\/\/mygarden.mx\/index.php\/wp-json\/wp\/v2\/types\/product"}],"replies":[{"embeddable":true,"href":"https:\/\/mygarden.mx\/index.php\/wp-json\/wp\/v2\/comments?post=4057"}],"wp:featuredmedia":[{"embeddable":true,"href":"https:\/\/mygarden.mx\/index.php\/wp-json\/wp\/v2\/media\/4064"}],"wp:attachment":[{"href":"https:\/\/mygarden.mx\/index.php\/wp-json\/wp\/v2\/media?parent=4057"}],"wp:term":[{"taxonomy":"product_cat","embeddable":true,"href":"https:\/\/mygarden.mx\/index.php\/wp-json\/wp\/v2\/product_cat?post=4057"},{"taxonomy":"product_tag","embeddable":true,"href":"https:\/\/mygarden.mx\/index.php\/wp-json\/wp\/v2\/product_tag?post=4057"}],"curies":[{"name":"wp","href":"https:\/\/api.w.org\/{rel}","templated":true}]}}