{"id":464,"date":"2021-04-13T19:19:23","date_gmt":"2021-04-13T19:19:23","guid":{"rendered":"https:\/\/mygarden.mx\/?post_type=product&#038;p=464"},"modified":"2023-04-25T05:45:27","modified_gmt":"2023-04-25T05:45:27","slug":"cabezota-con-telefono","status":"publish","type":"product","link":"https:\/\/mygarden.mx\/index.php\/product\/cabezota-con-telefono\/","title":{"rendered":"Cabezota con Tel\u00e9fono"},"content":{"rendered":"","protected":false},"excerpt":{"rendered":"<p>Tama\u00f1o: Mediana<\/p>\n<p>Cabezota con tel\u00e9fono (Potus) \ud83d\udcde<\/p>\n<p>\ud83d\udc49 Planthija colgante eficaz contra la contaminaci\u00f3n ambiental en interiores ya que ayuda a purificar el ambiente.<\/p>\n<p>Cuidados:<\/p>\n<p>\ud83d\udebf Regar solo cuando el sustrato est\u00e9 seco.<\/p>\n<p>\u2600\ufe0f Luz media indirecta; tolera una luminosidad intensa, pero largos periodos de luz solar directa queman las hojas.<\/p>\n<p>\ud83d\ude37 Si vemos que pierden su color verde natural para pasar a un tono m\u00e1s oscuro, es que hay demasiada humedad y calor insuficiente. Y si las hojas pierden color es s\u00edntoma de luz insuficiente.<\/p>\n<p>Tips:<\/p>\n<p>\ud83d\udca6 En casos en que existan ojos irritados o congestionados, puedes apoyar tus ojos sobre dos hojas de potus permitiendo as\u00ed que est\u00e9n all\u00ed durante al menos 3 o 5 minutos. Las hojas deben estar completamente limpias al m\u00e1ximo.<\/p>\n<p>Maceta: Barro<\/p>\n<p>&nbsp;<\/p>\n","protected":false},"featured_media":781,"comment_status":"open","ping_status":"closed","template":"","meta":{"om_disable_all_campaigns":false,"_monsterinsights_skip_tracking":false,"_monsterinsights_sitenote_active":false,"_monsterinsights_sitenote_note":"","_monsterinsights_sitenote_category":0,"spay_email":""},"product_cat":[20],"product_tag":[],"class_list":["post-464","product","type-product","status-publish","has-post-thumbnail","hentry","product_cat-mediana-planthijamaceta"],"jetpack-related-posts":[{"id":4093,"url":"https:\/\/mygarden.mx\/index.php\/product\/telefono-colgante-2\/","url_meta":{"origin":464,"position":0},"title":"Tel\u00e9fono colgante","date":"9 de junio de 2023","format":false,"excerpt":"Tel\u00e9fono colgante (Potus)\u00a0 \u00a0Platnthija colgante eficaz contra la contaminaci\u00f3n ambiental en interiores ya que ayuda a purificar el ambiente. Cuidados: \u00a0Regar solo cuando el sustrato est\u00e9 seco. \u00a0Luz media indirecta; tolera una luminosidad intensa, pero largos periodos de luz solar directa queman las hojas. \u00a0Si vemos que pierden su color\u2026","rel":"","context":"Entrada similar","img":{"alt_text":"Tel\u00e9fono colgante","src":"https:\/\/i0.wp.com\/mygarden.mx\/wp-content\/uploads\/2023\/06\/Captura-de-Pantalla-2023-06-09-a-las-8.53.13.png?fit=840%2C836&ssl=1&resize=350%2C200","width":350,"height":200},"classes":[]},{"id":118,"url":"https:\/\/mygarden.mx\/index.php\/product\/telefono-en-vaso\/","url_meta":{"origin":464,"position":1},"title":"Tel\u00e9fono en Vaso","date":"12 de abril de 2021","format":false,"excerpt":"Tama\u00f1o: Chica Tel\u00e9fono colgante (Potus) \ud83d\udcde \ud83d\udc49 Platnthija colgante eficaz contra la contaminaci\u00f3n ambiental en interiores ya que ayuda a purificar el ambiente. Cuidados: \ud83d\udebf Regar solo cuando el sustrato est\u00e9 seco. \u2600\ufe0f Luz media indirecta; tolera una luminosidad intensa, pero largos periodos de luz solar directa queman las hojas.\u2026","rel":"","context":"Entrada similar","img":{"alt_text":"","src":"https:\/\/i0.wp.com\/mygarden.mx\/wp-content\/uploads\/2021\/04\/Telefono-en-vaso.jpg?fit=1042%2C1042&ssl=1&resize=350%2C200","width":350,"height":200},"classes":[]},{"id":230,"url":"https:\/\/mygarden.mx\/index.php\/product\/telefono-colgante\/","url_meta":{"origin":464,"position":2},"title":"Tel\u00e9fono Colgante","date":"13 de abril de 2021","format":false,"excerpt":"Tama\u00f1o: Mediana Tel\u00e9fono colgante (Potus) \ud83d\udcde \ud83d\udc49 Platnthija colgante eficaz contra la contaminaci\u00f3n ambiental en interiores ya que ayuda a purificar el ambiente. Cuidados: \ud83d\udebf Regar solo cuando el sustrato est\u00e9 seco. \u2600\ufe0f Luz media indirecta; tolera una luminosidad intensa, pero largos periodos de luz solar directa queman las hojas.\u2026","rel":"","context":"Entrada similar","img":{"alt_text":"","src":"https:\/\/i0.wp.com\/mygarden.mx\/wp-content\/uploads\/2021\/04\/Telefono-colgante.png?fit=1080%2C1080&ssl=1&resize=350%2C200","width":350,"height":200},"classes":[]},{"id":3268,"url":"https:\/\/mygarden.mx\/index.php\/product\/maceton-con-telefono\/","url_meta":{"origin":464,"position":3},"title":"Macet\u00f3n con tel\u00e9fono","date":"16 de junio de 2022","format":false,"excerpt":"\u00a1Ll\u00e9vate a casa est\u00e1 incre\u00edble maceta!\ud83d\udc9a Decidimos ponerle macet\u00f3n a este maceta y nada mejor que acompa\u00f1arla con un tel\u00e9fono. Tel\u00e9fono colgante (Potus) \ud83d\udcde \ud83d\udc49 Platnthija colgante eficaz contra la contaminaci\u00f3n ambiental en interiores ya que ayuda a purificar el ambiente. Cuidados: \ud83d\udebf Regar solo cuando el sustrato est\u00e9 seco.\u2026","rel":"","context":"Entrada similar","img":{"alt_text":"Macet\u00f3n con tel\u00e9fono","src":"https:\/\/i0.wp.com\/mygarden.mx\/wp-content\/uploads\/2022\/06\/1A567462-96DC-4AA8-ACDA-1A9AF2F0E6DB.jpg?fit=675%2C1200&ssl=1&resize=350%2C200","width":350,"height":200},"classes":[]},{"id":792,"url":"https:\/\/mygarden.mx\/index.php\/product\/cabezota-con-calathea-triostar\/","url_meta":{"origin":464,"position":4},"title":"Cabezota con Calathea Triostar","date":"22 de abril de 2021","format":false,"excerpt":"Calathea triostar \ud83e\udd9a Stroamanthe triostar tambie\u0301n conocida como \"Calathea triostar\" o \"pavo real\" debido a sus coloridas hojas. Cuidados: \ud83d\udebf Mantener la tierra siempre hu\u0301meda, OJO sin encharcarla, 1 vez por semana esta\u0301 perfecto. \u26c5 Un lugar en el cual no reciba luz directa es su espacio ideal. Tips: \ud83d\udca6Si\u2026","rel":"","context":"Entrada similar","img":{"alt_text":"","src":"https:\/\/i0.wp.com\/mygarden.mx\/wp-content\/uploads\/2021\/04\/IMG_1592.png?fit=1080%2C1080&ssl=1&resize=350%2C200","width":350,"height":200},"classes":[]},{"id":1019,"url":"https:\/\/mygarden.mx\/index.php\/product\/cabezota-con-esqueleto\/","url_meta":{"origin":464,"position":5},"title":"Cabezota con esqueleto","date":"6 de octubre de 2021","format":false,"excerpt":"Esqueleto o Monstera Adansonii\ud83d\udc80 \u00a0","rel":"","context":"Entrada similar","img":{"alt_text":"Cabezota con Monstera","src":"https:\/\/i0.wp.com\/mygarden.mx\/wp-content\/uploads\/2021\/10\/2.jpg?fit=888%2C1024&ssl=1&resize=350%2C200","width":350,"height":200},"classes":[]}],"_links":{"self":[{"href":"https:\/\/mygarden.mx\/index.php\/wp-json\/wp\/v2\/product\/464"}],"collection":[{"href":"https:\/\/mygarden.mx\/index.php\/wp-json\/wp\/v2\/product"}],"about":[{"href":"https:\/\/mygarden.mx\/index.php\/wp-json\/wp\/v2\/types\/product"}],"replies":[{"embeddable":true,"href":"https:\/\/mygarden.mx\/index.php\/wp-json\/wp\/v2\/comments?post=464"}],"wp:featuredmedia":[{"embeddable":true,"href":"https:\/\/mygarden.mx\/index.php\/wp-json\/wp\/v2\/media\/781"}],"wp:attachment":[{"href":"https:\/\/mygarden.mx\/index.php\/wp-json\/wp\/v2\/media?parent=464"}],"wp:term":[{"taxonomy":"product_cat","embeddable":true,"href":"https:\/\/mygarden.mx\/index.php\/wp-json\/wp\/v2\/product_cat?post=464"},{"taxonomy":"product_tag","embeddable":true,"href":"https:\/\/mygarden.mx\/index.php\/wp-json\/wp\/v2\/product_tag?post=464"}],"curies":[{"name":"wp","href":"https:\/\/api.w.org\/{rel}","templated":true}]}}