{"id":467,"date":"2021-04-13T19:22:28","date_gmt":"2021-04-13T19:22:28","guid":{"rendered":"https:\/\/mygarden.mx\/?post_type=product&#038;p=467"},"modified":"2024-01-31T20:50:00","modified_gmt":"2024-01-31T20:50:00","slug":"cabezota-con-2-corazones-en-un-hilo","status":"publish","type":"product","link":"https:\/\/mygarden.mx\/index.php\/product\/cabezota-con-2-corazones-en-un-hilo\/","title":{"rendered":"Cabezota con 2 Corazones en un Hilo"},"content":{"rendered":"","protected":false},"excerpt":{"rendered":"<p>Tama\u00f1o: Mediana<\/p>\n<p>Cabezota con 2 corazones en un hilo (Ceropegia woodii) \ud83d\udc95<\/p>\n<p>\ud83d\udc49 Tipo de suculenta colgante que puede alcanzar un largo impresionante. Sus hojitas tienen la forma de corazones que cuelgan de un hilo.<\/p>\n<p>Cuidados:<\/p>\n<p>\ud83d\udebf Regar solo cuando el sustrato est\u00e9 seco.<\/p>\n<p>\u2600\ufe0f Colocar en resolana, evitando el sol directo ya que puede da\u00f1arla.<\/p>\n<p>Tips:<\/p>\n<p>\ud83d\udca6 Si ves que se est\u00e1 secando aumenta la frecuencia del riego.<\/p>\n<p>Maceta: Barro<\/p>\n<p>&nbsp;<\/p>\n<p>&nbsp;<\/p>\n","protected":false},"featured_media":469,"comment_status":"open","ping_status":"closed","template":"","meta":{"om_disable_all_campaigns":false,"_monsterinsights_skip_tracking":false,"_monsterinsights_sitenote_active":false,"_monsterinsights_sitenote_note":"","_monsterinsights_sitenote_category":0,"spay_email":""},"product_cat":[20],"product_tag":[],"class_list":["post-467","product","type-product","status-publish","has-post-thumbnail","hentry","product_cat-mediana-planthijamaceta"],"jetpack-related-posts":[{"id":473,"url":"https:\/\/mygarden.mx\/index.php\/product\/tinita-con-2-corazones-en-un-hilo\/","url_meta":{"origin":467,"position":0},"title":"Tinita con 2 corazones en un Hilo","date":"13 de abril de 2021","format":false,"excerpt":"Tama\u00f1o: Chico Cabezota con 2 corazones en un hilo (Ceropegia woodii) \ud83d\udc95 \ud83d\udc49 Tipo de suculenta colgante que puede alcanzar un largo impresionante. Sus hojitas tienen la forma de corazones que cuelgan de un hilo. Cuidados: \ud83d\udebf Regar solo cuando el sustrato est\u00e9 seco. \u2600\ufe0f Colocar en resolana, evitando el\u2026","rel":"","context":"Entrada similar","img":{"alt_text":"","src":"https:\/\/i0.wp.com\/mygarden.mx\/wp-content\/uploads\/2021\/04\/Tinita-con-2-corazoneprincipal.jpg?fit=750%2C912&ssl=1&resize=350%2C200","width":350,"height":200},"classes":[]},{"id":3579,"url":"https:\/\/mygarden.mx\/index.php\/product\/2-corazones-maceta-ceramica-colgante-macrame\/","url_meta":{"origin":467,"position":1},"title":"Ceropegia woodii + maceta cer\u00e1mica + colgante macram\u00e9","date":"5 de octubre de 2022","format":false,"excerpt":"Los dos corazones en un hilo(Ceropegia woodii) \ud83d\udc95 son un tipo de suculenta colgante que le dan un look Rapunzel a la cabezota. \u00bfQu\u00e9 esperas para llevarte la tuya? \u00a0Tipo de suculenta colgante que puede alcanzar un largo impresionante. Sus hojitas tienen la forma de corazones que cuelgan de un\u2026","rel":"","context":"Entrada similar","img":{"alt_text":"2 corazones en un hilo planta colgante","src":"https:\/\/i0.wp.com\/mygarden.mx\/wp-content\/uploads\/2022\/10\/Ceropegia-woodii.jpeg?fit=725%2C1200&ssl=1&resize=350%2C200","width":350,"height":200},"classes":[]},{"id":458,"url":"https:\/\/mygarden.mx\/index.php\/product\/cabezota-con-palo-de-brasil-2\/","url_meta":{"origin":467,"position":2},"title":"Cabezota con Palo de Brasil","date":"13 de abril de 2021","format":false,"excerpt":"Tama\u00f1o: Mediana Cabezota con Palo de Brasil \ud83c\udf31 Planthija tanto de interiores como exteriores, es fa\u0301cil de cuidar y adema\u0301s de tiene la propiedad de absorber la humedad del ambiente para limpiar el aire, por lo que resulta beneficiosa para la salud. Cuidados: \ud83d\udebf La frecuencia de riego depende en\u2026","rel":"","context":"Entrada similar","img":{"alt_text":"","src":"https:\/\/i0.wp.com\/mygarden.mx\/wp-content\/uploads\/2021\/04\/IMG_1146.png?fit=900%2C1200&ssl=1&resize=350%2C200","width":350,"height":200},"classes":[]},{"id":464,"url":"https:\/\/mygarden.mx\/index.php\/product\/cabezota-con-telefono\/","url_meta":{"origin":467,"position":3},"title":"Cabezota con Tel\u00e9fono","date":"13 de abril de 2021","format":false,"excerpt":"Tama\u00f1o: Mediana Cabezota con tel\u00e9fono (Potus) \ud83d\udcde \ud83d\udc49 Planthija colgante eficaz contra la contaminaci\u00f3n ambiental en interiores ya que ayuda a purificar el ambiente. Cuidados: \ud83d\udebf Regar solo cuando el sustrato est\u00e9 seco. \u2600\ufe0f Luz media indirecta; tolera una luminosidad intensa, pero largos periodos de luz solar directa queman las\u2026","rel":"","context":"Entrada similar","img":{"alt_text":"","src":"https:\/\/i0.wp.com\/mygarden.mx\/wp-content\/uploads\/2021\/04\/IMG_1762.png?fit=1080%2C1080&ssl=1&resize=350%2C200","width":350,"height":200},"classes":[]},{"id":451,"url":"https:\/\/mygarden.mx\/index.php\/product\/cabezota-con-helecho-chino\/","url_meta":{"origin":467,"position":4},"title":"Cabezota con Helecho Chino","date":"13 de abril de 2021","format":false,"excerpt":"Tama\u00f1o: Mediana Mi amigx despeinada (helecho chino)\ud83d\ude1c \ud83d\udc49 Mi amigx la despeinada tiene el poder de ahuyentar energi\u0301as negativas ya que su cabello combate la soledad, ahuyenta la mala suerte en el amor, atenu\u0301a la melancoli\u0301a, protege de las vibras negativas y purifica el aire de tu hogar. Por eso\u2026","rel":"","context":"Entrada similar","img":{"alt_text":"","src":"https:\/\/i0.wp.com\/mygarden.mx\/wp-content\/uploads\/2021\/04\/Cabezota-con-helecho-chino-principal.jpg?fit=800%2C1200&ssl=1&resize=350%2C200","width":350,"height":200},"classes":[]},{"id":2968,"url":"https:\/\/mygarden.mx\/index.php\/product\/promocion-cabezotas-2\/","url_meta":{"origin":467,"position":5},"title":"Promoci\u00f3n cabezotas","date":"15 de marzo de 2022","format":false,"excerpt":"\u00a1Plantlovers! Estamos s\u00faper felices porque por primera vez traemos esta incre\u00edble #promoci\u00f3n\u00a0para ustedes \ud83d\udc9a y es que sabemos que la cabezota es la maceta favorita de la comunidad de\u00a0#mygardenmx 1 x 499 MXN o 2x800 MXN (incluye planthijas)","rel":"","context":"Entrada similar","img":{"alt_text":"Maceras en forma de cabeza","src":"https:\/\/i0.wp.com\/mygarden.mx\/wp-content\/uploads\/2022\/03\/2X900-cabezotas.png?fit=1080%2C1080&ssl=1&resize=350%2C200","width":350,"height":200},"classes":[]}],"_links":{"self":[{"href":"https:\/\/mygarden.mx\/index.php\/wp-json\/wp\/v2\/product\/467"}],"collection":[{"href":"https:\/\/mygarden.mx\/index.php\/wp-json\/wp\/v2\/product"}],"about":[{"href":"https:\/\/mygarden.mx\/index.php\/wp-json\/wp\/v2\/types\/product"}],"replies":[{"embeddable":true,"href":"https:\/\/mygarden.mx\/index.php\/wp-json\/wp\/v2\/comments?post=467"}],"wp:featuredmedia":[{"embeddable":true,"href":"https:\/\/mygarden.mx\/index.php\/wp-json\/wp\/v2\/media\/469"}],"wp:attachment":[{"href":"https:\/\/mygarden.mx\/index.php\/wp-json\/wp\/v2\/media?parent=467"}],"wp:term":[{"taxonomy":"product_cat","embeddable":true,"href":"https:\/\/mygarden.mx\/index.php\/wp-json\/wp\/v2\/product_cat?post=467"},{"taxonomy":"product_tag","embeddable":true,"href":"https:\/\/mygarden.mx\/index.php\/wp-json\/wp\/v2\/product_tag?post=467"}],"curies":[{"name":"wp","href":"https:\/\/api.w.org\/{rel}","templated":true}]}}