{"id":67,"date":"2021-04-12T19:29:59","date_gmt":"2021-04-12T19:29:59","guid":{"rendered":"http:\/\/mygarden.mx\/?post_type=product&#038;p=67"},"modified":"2021-04-12T19:35:39","modified_gmt":"2021-04-12T19:35:39","slug":"palomera-ceramica","status":"publish","type":"product","link":"https:\/\/mygarden.mx\/index.php\/product\/palomera-ceramica\/","title":{"rendered":"Palomera Cer\u00e1mica"},"content":{"rendered":"","protected":false},"excerpt":{"rendered":"<p>Palomera Cer\u00e1mica<\/p>\n<p>Color: Blanca<\/p>\n<p>Medidas: 27 cm di\u00e1metro x 21 cm altura<\/p>\n<p>Material: Cer\u00e1mica<\/p>\n","protected":false},"featured_media":69,"comment_status":"open","ping_status":"closed","template":"","meta":{"om_disable_all_campaigns":false,"_monsterinsights_skip_tracking":false,"_monsterinsights_sitenote_active":false,"_monsterinsights_sitenote_note":"","_monsterinsights_sitenote_category":0,"spay_email":""},"product_cat":[16],"product_tag":[],"class_list":["post-67","product","type-product","status-publish","has-post-thumbnail","hentry","product_cat-macetas"],"jetpack-related-posts":[{"id":71,"url":"https:\/\/mygarden.mx\/index.php\/product\/palomera-barro\/","url_meta":{"origin":67,"position":0},"title":"Palomera Barro","date":"12 de abril de 2021","format":false,"excerpt":"Palomera Barro \u00a1Selecciona el color de tu preferencia! Medidas: 27 cm di\u00e1metro x 21 cm altura Material: Barro","rel":"","context":"Entrada similar","img":{"alt_text":"","src":"https:\/\/i0.wp.com\/mygarden.mx\/wp-content\/uploads\/2021\/04\/Palomerabarro1.png?fit=1200%2C1200&ssl=1&resize=350%2C200","width":350,"height":200},"classes":[]},{"id":51,"url":"https:\/\/mygarden.mx\/index.php\/product\/diamante-ceramica\/","url_meta":{"origin":67,"position":1},"title":"Diamante Cer\u00e1mica","date":"12 de abril de 2021","format":false,"excerpt":"Diamante Cer\u00e1mica Color: Blanco Medidas: 20 cm di\u00e1metro x 17 cm altura Material: Cer\u00e1mica","rel":"","context":"Entrada similar","img":{"alt_text":"","src":"https:\/\/i0.wp.com\/mygarden.mx\/wp-content\/uploads\/2021\/04\/Diamante-ceramica-blanco.png?fit=1200%2C1200&ssl=1&resize=350%2C200","width":350,"height":200},"classes":[]},{"id":37,"url":"https:\/\/mygarden.mx\/index.php\/product\/cabeza-buda-ceramica\/","url_meta":{"origin":67,"position":2},"title":"Cabeza Buda Cer\u00e1mica","date":"12 de abril de 2021","format":false,"excerpt":"Cabeza Buda Color: Blanco Medidas: 12 cm di\u00e1metro x 19 cm altura Material: Cer\u00e1mica","rel":"","context":"Entrada similar","img":{"alt_text":"","src":"https:\/\/i0.wp.com\/mygarden.mx\/wp-content\/uploads\/2021\/04\/Cabeza-de-buda-ceramica.png?fit=900%2C1200&ssl=1&resize=350%2C200","width":350,"height":200},"classes":[]},{"id":12,"url":"https:\/\/mygarden.mx\/index.php\/product\/bule-grande-blanco\/","url_meta":{"origin":67,"position":3},"title":"Bule Grande Blanco","date":"12 de abril de 2021","format":false,"excerpt":"Bule Grande Color: Blanco Medidas: 20cm di\u00e1metro x 18 cm altura Material: Cer\u00e1mica","rel":"","context":"Entrada similar","img":{"alt_text":"","src":"https:\/\/i0.wp.com\/mygarden.mx\/wp-content\/uploads\/2021\/04\/Bule-grande-blanco.png?fit=1200%2C1200&ssl=1&resize=350%2C200","width":350,"height":200},"classes":[]},{"id":75,"url":"https:\/\/mygarden.mx\/index.php\/product\/tina\/","url_meta":{"origin":67,"position":4},"title":"Tina","date":"12 de abril de 2021","format":false,"excerpt":"Tina Cer\u00e1mica \u00a1Selecciona el color de tu preferencia! Medidas: 23.5 cm largo x 8 cm alto x 13 cm ancho Material: Cer\u00e1mica","rel":"","context":"Entrada similar","img":{"alt_text":"","src":"https:\/\/i0.wp.com\/mygarden.mx\/wp-content\/uploads\/2021\/04\/Tinita.png?fit=1080%2C1080&ssl=1&resize=350%2C200","width":350,"height":200},"classes":[]},{"id":64,"url":"https:\/\/mygarden.mx\/index.php\/product\/humanitx-semi-acostado\/","url_meta":{"origin":67,"position":5},"title":"Humanitx (maceta sola)","date":"12 de abril de 2021","format":false,"excerpt":"Humanitxs para todxs \u00a1Selecciona el color de tu preferencia! Medidas var\u00edan de acuerdo al modelo, en promedio tienen 10 cm de di\u00e1metro x 15 cm de alto. Material: Cer\u00e1mica","rel":"","context":"Entrada similar","img":{"alt_text":"Macetas mu\u00f1ecos","src":"https:\/\/i0.wp.com\/mygarden.mx\/wp-content\/uploads\/2022\/03\/A7961B00-8B77-4C5E-88F7-7A033C276EC2.jpg?fit=720%2C720&ssl=1&resize=350%2C200","width":350,"height":200},"classes":[]}],"_links":{"self":[{"href":"https:\/\/mygarden.mx\/index.php\/wp-json\/wp\/v2\/product\/67"}],"collection":[{"href":"https:\/\/mygarden.mx\/index.php\/wp-json\/wp\/v2\/product"}],"about":[{"href":"https:\/\/mygarden.mx\/index.php\/wp-json\/wp\/v2\/types\/product"}],"replies":[{"embeddable":true,"href":"https:\/\/mygarden.mx\/index.php\/wp-json\/wp\/v2\/comments?post=67"}],"wp:featuredmedia":[{"embeddable":true,"href":"https:\/\/mygarden.mx\/index.php\/wp-json\/wp\/v2\/media\/69"}],"wp:attachment":[{"href":"https:\/\/mygarden.mx\/index.php\/wp-json\/wp\/v2\/media?parent=67"}],"wp:term":[{"taxonomy":"product_cat","embeddable":true,"href":"https:\/\/mygarden.mx\/index.php\/wp-json\/wp\/v2\/product_cat?post=67"},{"taxonomy":"product_tag","embeddable":true,"href":"https:\/\/mygarden.mx\/index.php\/wp-json\/wp\/v2\/product_tag?post=67"}],"curies":[{"name":"wp","href":"https:\/\/api.w.org\/{rel}","templated":true}]}}